{"id":13,"date":"2019-11-06T15:31:41","date_gmt":"2019-11-06T14:31:41","guid":{"rendered":"https:\/\/schneiderpen.com\/brand\/?page_id=13"},"modified":"2025-10-27T10:57:43","modified_gmt":"2025-10-27T09:57:43","slug":"die-marke-schneider","status":"publish","type":"page","link":"https:\/\/schneiderpen.com\/brand\/","title":{"rendered":"Die Marke Schneider"},"content":{"rendered":"\n<section class=\"opt-fullwidth opt-fullscreen opt-hero opt-primary opt-nopadding-bot lazyblock-hero-1TjmHm opt-nopadding-bot wp-block-lazyblock-hero\">\n    <div class=\"inner-wrapper\">\n\n        \n                            <div class=\"hero-wrapper\" style=\"background-image: url(https:\/\/schneiderpen.com\/brand\/wp-content\/uploads\/schneider-marke-hero-christian-martina.jpg);\"><\/div>\n                    \n                    <div class=\"hero-caption\">Die Geschwister Christian und Martina Schneider<\/div>\n        \n\n    <\/div>\n<\/section>\n\n\n\n<section class=\"opt-fullwidth opt-primary opt-well opt-invert opt-nopadding-bot lazyblock-intro-1FQAvR opt-nopadding-bot wp-block-lazyblock-intro\">\n    <div class=\"inner-wrapper\">\n        <div class=\"intro-wrapper\">\n            <div class=\"headline-wrapper\">\n                <h1>Die Marke Schneider<\/h1>\n            <\/div>\n            <div class=\"copy-wrapper\">\n                <p>Mit der guten Schneider-Mine fing alles an. Seit \u00fcber 80 Jahren vertrauen Menschen auf Schreibger\u00e4te von Schneider \u2013 in Deutschland entworfen und produziert. W\u00e4hrend unser Produktsortiment \u00fcber Jahrzehnte gewachsen ist, haben wir uns auch als Marke immer weiterentwickelt.<\/p>\n                \n            <\/div>\n        <\/div>\n    <\/div>\n<\/section>\n\n\n\n<section class=\"opt-fullwidth opt-primary opt-well opt-nopadding-top lazyblock-cards-ZvaTY8 opt-nopadding-top wp-block-lazyblock-cards\">\n    <div class=\"inner-wrapper\">\n\n    \n    <div class=\"cards-wrapper opt-33\">\n\n            \n                \n                <div class=\"card\">\n                    <a href=\"https:\/\/schneiderpen.com\/de_de\/unternehmen\/geschichte\/\">                    <div class=\"card-wrapper\">\n                        <div class=\"image-wrapper\">\n                            <img decoding=\"async\" class=\"lozad\" src=\"https:\/\/schneiderpen.com\/brand\/wp-content\/uploads\/schneider-marke-firmengeschichte.jpg\" data-src=\"https:\/\/schneiderpen.com\/brand\/wp-content\/uploads\/schneider-marke-firmengeschichte.jpg\" alt=\"\">\n                        <\/div>\n                                                <div class=\"caption-wrapper\">\n                            <p style=\"font-weight: 400;\">R\u00fcckblick auf \u00fcber 80 Jahre Erfolgsgeschichte<\/p>                        <\/div>\n                                            <\/div>\n                    <\/a>                <\/div>\n\n            \n                \n                <div class=\"card\">\n                    <a href=\"https:\/\/schneiderpen.com\/de_de\/unternehmen\/made-in-germany\/\">                    <div class=\"card-wrapper\">\n                        <div class=\"image-wrapper\">\n                            <img decoding=\"async\" class=\"lozad\" src=\"https:\/\/schneiderpen.com\/brand\/wp-content\/uploads\/schneider-marke-firmensitz.jpg\" data-src=\"https:\/\/schneiderpen.com\/brand\/wp-content\/uploads\/schneider-marke-firmensitz.jpg\" alt=\"\">\n                        <\/div>\n                                                <div class=\"caption-wrapper\">\n                            <p style=\"font-weight: 400;\">Bew\u00e4hrte Markenqualit\u00e4t aus Deutschland<\/p>                        <\/div>\n                                            <\/div>\n                    <\/a>                <\/div>\n\n            \n                \n                <div class=\"card\">\n                    <a href=\"https:\/\/schneiderpen.com\/de_de\/nachhaltigkeit\/\">                    <div class=\"card-wrapper\">\n                        <div class=\"image-wrapper\">\n                            <img decoding=\"async\" class=\"lozad\" src=\"https:\/\/schneiderpen.com\/brand\/wp-content\/uploads\/schneider-marke-produktion.jpg\" data-src=\"https:\/\/schneiderpen.com\/brand\/wp-content\/uploads\/schneider-marke-produktion.jpg\" alt=\"\">\n                        <\/div>\n                                                <div class=\"caption-wrapper\">\n                            <p style=\"font-weight: 400;\">Nachhaltige Produktion und ressourcenschonende Produkte<\/p>                        <\/div>\n                                            <\/div>\n                    <\/a>                <\/div>\n\n                    <\/div>\n    <\/div>\n<\/section>\n\n\n\n\n<section class=\"opt-fullwidth opt-slim   lazyblock-media-single-Z2a6yw1 wp-block-lazyblock-media-single\">\n    <div class=\"inner-wrapper\">\n\n                <div class=\"headline-wrapper opt-center\">\n            <div class=\"copy-wrapper\">\n                <h4>Die Werte-Mine von Schneider<\/h4>                <div class=\"copy-wrapper\"><p>Bedeutsamkeit<\/p><\/div>            <\/div>\n        <\/div>\n        \n        <div class=\"media-single-wrapper\">\n\n                            <div class=\"image-wrapper\">\n                                            <img decoding=\"async\" class=\"lozad\" src=\"https:\/\/schneiderpen.com\/brand\/wp-content\/uploads\/schneider-marke-wertemine.svg\" data-src=\"https:\/\/schneiderpen.com\/brand\/wp-content\/uploads\/schneider-marke-wertemine.svg\" alt=\"\">\n                                    <\/div>\n            \n            \n        <\/div>\n    <\/div>\n<\/section>\n\n\n\n<section class=\"opt-fullwidth opt-fullscreen   lazyblock-media-single-Z1Mksa8 wp-block-lazyblock-media-single\">\n    <div class=\"inner-wrapper\">\n\n        \n        <div class=\"media-single-wrapper\">\n\n                            <div class=\"image-wrapper\">\n                                            <img decoding=\"async\" class=\"lozad\" src=\"https:\/\/schneiderpen.com\/brand\/wp-content\/uploads\/schneider-marke-makeitmatter.jpg\" data-src=\"https:\/\/schneiderpen.com\/brand\/wp-content\/uploads\/schneider-marke-makeitmatter.jpg\" alt=\"\">\n                                    <\/div>\n            \n            \n        <\/div>\n    <\/div>\n<\/section>\n\n\n\n<section class=\"opt-fullwidth opt-slim   lazyblock-media-single-4kurt wp-block-lazyblock-media-single\">\n    <div class=\"inner-wrapper\">\n\n                <div class=\"headline-wrapper opt-center\">\n            <div class=\"copy-wrapper\">\n                <h4>Aus Funktion wird Bedeutsamkeit<\/h4>                <div class=\"copy-wrapper\"><p style=\"font-weight: 400;\">Wir produzieren nicht nur zuverl\u00e4ssige Schreibger\u00e4te. Wir geben Menschen die M\u00f6glichkeit, Bedeutsames damit zu schaffen: leidenschaftlich, verantwortungsvoll und fokussiert. Unser neuer Claim \u201eMake it matter\u201c ist damit Anspruch und Auftrag zugleich.<\/p><\/div>            <\/div>\n        <\/div>\n        \n        <div class=\"media-single-wrapper\">\n\n                            <div class=\"video-wrapper\">\n                     <div class=\"brlbs-cmpnt-container brlbs-cmpnt-content-blocker brlbs-cmpnt-with-individual-styles\" data-borlabs-cookie-content-blocker-id=\"youtube-content-blocker\" data-borlabs-cookie-content=\"PGlmcmFtZSB3aWR0aD0iNTYwIiBoZWlnaHQ9IjMxNSIgc3JjPSJodHRwczovL3d3dy55b3V0dWJlLW5vY29va2llLmNvbS9lbWJlZC9ZTnlGUmc5Y3IzMD9zaT1hU0x0T2NhOW5FeWRQdUV1IiB0aXRsZT0iWW91VHViZSB2aWRlbyBwbGF5ZXIiIGZyYW1lYm9yZGVyPSIwIiBhbGxvdz0iYWNjZWxlcm9tZXRlcjsgYXV0b3BsYXk7IGNsaXBib2FyZC13cml0ZTsgZW5jcnlwdGVkLW1lZGlhOyBneXJvc2NvcGU7IHBpY3R1cmUtaW4tcGljdHVyZTsgd2ViLXNoYXJlIiByZWZlcnJlcnBvbGljeT0ic3RyaWN0LW9yaWdpbi13aGVuLWNyb3NzLW9yaWdpbiIgYWxsb3dmdWxsc2NyZWVuPjwvaWZyYW1lPg==\"><div class=\"brlbs-cmpnt-cb-preset-c brlbs-cmpnt-cb-youtube\"> <div class=\"brlbs-cmpnt-cb-thumbnail\" style=\"background-image: url('https:\/\/schneiderpen.com\/brand\/wp-content\/uploads\/borlabs-cookie\/1\/yt_YNyFRg9cr30_hqdefault.jpg')\"><\/div> <div class=\"brlbs-cmpnt-cb-main\"> <div class=\"brlbs-cmpnt-cb-play-button\"><\/div> <div class=\"brlbs-cmpnt-cb-content\"> <p class=\"brlbs-cmpnt-cb-description\">Sie sehen gerade einen Platzhalterinhalt von <strong>YouTube<\/strong>. Um auf den eigentlichen Inhalt zuzugreifen, klicken Sie auf die Schaltfl\u00e4che unten. Bitte beachten Sie, dass dabei Daten an Drittanbieter weitergegeben werden.<\/p> <a class=\"brlbs-cmpnt-cb-provider-toggle\" href=\"#\" data-borlabs-cookie-show-provider-information role=\"button\">Mehr Informationen<\/a> <\/div> <div class=\"brlbs-cmpnt-cb-buttons\"> <a class=\"brlbs-cmpnt-cb-btn\" href=\"#\" data-borlabs-cookie-unblock role=\"button\">Inhalt entsperren<\/a> <a class=\"brlbs-cmpnt-cb-btn\" href=\"#\" data-borlabs-cookie-accept-service role=\"button\" style=\"display: inherit\">Erforderlichen Service akzeptieren und Inhalte entsperren<\/a> <\/div> <\/div> <\/div><\/div>                <\/div>\n            \n            \n        <\/div>\n    <\/div>\n<\/section>\n\n\n\n<section class=\"opt-fullwidth   opt-well opt-nopadding-bot  lazyblock-headline-2wXAN4 wp-block-lazyblock-headline\">\n    <div class=\"inner-wrapper\">\n\n        <div class=\"headline-copy-wrapper\">\n\n            <div class=\"headline-wrapper \">\n                <h2>Produktbereiche<\/h2>\n                                <div class=\"copy-wrapper\">\n                    <p>Warum schreiben wir? Wir halten Gedanken fest, vermitteln Wertsch\u00e4tzung oder dr\u00fccken uns selbst damit aus. Wir sind kreativ, um etwas zu ver\u00e4ndern. Diese Vielfalt spiegelt auch unser Sortiment wider.<br>\u00a0<\/p>\n                <\/div>\n                \n                \n            <\/div>\n\n        <\/div>\n\n    <\/div>\n<\/section>\n\n\n\n<section class=\"opt-fullwidth opt-fullscreen opt-media-text opt-secondary   lazyblock-media-text-ZxHRCJ wp-block-lazyblock-media-text\">\n    <div class=\"inner-wrapper\">\n        <div class=\"media-text-wrapper \">\n            <div class=\"media-wrapper\">\n                                    <div class=\"image-wrapper\">\n                                                <img decoding=\"async\" class=\"lozad\" src=\"https:\/\/schneiderpen.com\/brand\/wp-content\/uploads\/schneider-marke-bereiche-write-bild.jpg\" data-src=\"https:\/\/schneiderpen.com\/brand\/wp-content\/uploads\/schneider-marke-bereiche-write-bild.jpg\" alt=\"\">\n                                            <\/div>\n                            <\/div>\n            <div class=\"text-wrapper \">\n                <h4>Write<\/h4>\n\n                <p style=\"font-weight: 400;\">Ob F\u00fcller f\u00fcr die Schule, Highlighter f\u00fcrs B\u00fcro oder Kugelschreiber f\u00fcr den Alltag: Seit vielen Jahren steht unser Markenname stellvertretend f\u00fcr hochwertige Schreibger\u00e4te, auf die Verlass ist. Im Produktbereich Write finden sich alle Produkte, die zum t\u00e4glichen Schreiben und Markieren geh\u00f6ren.<\/p>\n                \n                                    <div class=\"btn-wrapper\">\n                        <a href=\"https:\/\/schneiderpen.com\/brand\/marke\/write\/\" class=\"btn btn-outline\">Zum Produktbereich Write<\/a>\n                    <\/div>\n                \n            <\/div>\n        <\/div>\n    <\/div>\n<\/section>\n\n\n\n<section class=\"opt-fullwidth opt-fullscreen opt-media-text opt-primary opt-switch  lazyblock-media-text-Z1NNBK8 wp-block-lazyblock-media-text\">\n    <div class=\"inner-wrapper\">\n        <div class=\"media-text-wrapper opt-switch\">\n            <div class=\"media-wrapper\">\n                                    <div class=\"image-wrapper\">\n                                                <img decoding=\"async\" class=\"lozad\" src=\"https:\/\/schneiderpen.com\/brand\/wp-content\/uploads\/schneider-marke-bereiche-create-bild.jpg\" data-src=\"https:\/\/schneiderpen.com\/brand\/wp-content\/uploads\/schneider-marke-bereiche-create-bild.jpg\" alt=\"\">\n                                            <\/div>\n                            <\/div>\n            <div class=\"text-wrapper \">\n                <h4>Create<\/h4>\n\n                <p style=\"font-weight: 400;\">Regeln brechen, Neues wagen, die eigene Kreativit\u00e4t ausleben: Im DIY-Bereich unterst\u00fctzen wir mutige Maker*innen mit langlebigen und hochqualitativen Produkten. Verschiedene Marker, Sprays, Pens und Sets laden dazu ein, allen Ideen freien Lauf zu lassen.<\/p>\n                \n                                    <div class=\"btn-wrapper\">\n                        <a href=\"https:\/\/schneiderpen.com\/brand\/marke\/create\/\" class=\"btn btn-outline\">Zum Produktbereich Create<\/a>\n                    <\/div>\n                \n            <\/div>\n        <\/div>\n    <\/div>\n<\/section>\n\n\n\n<section class=\"opt-fullwidth opt-fullscreen opt-media-text opt-trinary   lazyblock-media-text-Z1aT0cq wp-block-lazyblock-media-text\">\n    <div class=\"inner-wrapper\">\n        <div class=\"media-text-wrapper \">\n            <div class=\"media-wrapper\">\n                                    <div class=\"image-wrapper\">\n                                                <img decoding=\"async\" class=\"lozad\" src=\"https:\/\/schneiderpen.com\/brand\/wp-content\/uploads\/schneider-marke-bereiche-promote.jpg\" data-src=\"https:\/\/schneiderpen.com\/brand\/wp-content\/uploads\/schneider-marke-bereiche-promote.jpg\" alt=\"\">\n                                            <\/div>\n                            <\/div>\n            <div class=\"text-wrapper \">\n                <h4>Promote<\/h4>\n\n                <p style=\"font-weight: 400;\">Sich wertsch\u00e4tzen und zur Seite stehen: Das ist der Kern jeder guten Beziehung. Mit individuell gestalteten Werbeschreibger\u00e4ten lassen sich die Werte teilen, f\u00fcr die ein Unternehmen steht. Wir bieten Marken eine gro\u00dfe Auswahl an Produkten, um ein hochwertiges Zeichen der Anerkennung zu setzen.<\/p>\n                \n                                    <div class=\"btn-wrapper\">\n                        <a href=\"https:\/\/schneiderpen.com\/brand\/marke\/promote\/\" class=\"btn btn-outline\">Zum Produktbereich Promote<\/a>\n                    <\/div>\n                \n            <\/div>\n        <\/div>\n    <\/div>\n<\/section>\n\n\n\n\n<section class=\"opt-fullwidth  lazyblock-teaser-cards-small-1q1eF wp-block-lazyblock-teaser-cards-small\">\n    <div class=\"inner-wrapper\">\n\n                <div class=\"headline-wrapper\">\n            <h2>Hier geht\u2019s weiter zu den Basics<\/h2>\n        <\/div>\n                \n        <div class=\"teaser-cards-small-wrapper\">\n            <div class=\"teaser-cards-small\">\n\n                \n                \n                <a href=\"https:\/\/schneiderpen.com\/brand\/basics\/logo\/\">\n                    <div class=\"caption-wrapper\">\n                        <h3>Logo<\/h3>\n                    <\/div>\n                <\/a>\n\n                \n                \n                <a href=\"https:\/\/schneiderpen.com\/brand\/basics\/farben\/\">\n                    <div class=\"caption-wrapper\">\n                        <h3>Farben<\/h3>\n                    <\/div>\n                <\/a>\n\n                \n                \n                <a href=\"https:\/\/schneiderpen.com\/brand\/basics\/typografie\/\">\n                    <div class=\"caption-wrapper\">\n                        <h3>Typografie<\/h3>\n                    <\/div>\n                <\/a>\n\n                \n\n            <\/div>\n        <\/div>\n    <\/div>\n<\/section>\n","protected":false},"excerpt":{"rendered":"","protected":false},"author":1,"featured_media":0,"parent":5,"menu_order":1,"comment_status":"closed","ping_status":"closed","template":"","meta":{"_acf_changed":false,"_seopress_robots_primary_cat":"","_seopress_titles_title":"","_seopress_titles_desc":"","_seopress_robots_index":"","footnotes":""},"class_list":["post-13","page","type-page","status-publish","hentry"],"acf":[],"lang":"de","translations":{"de":13,"en":8273},"pll_sync_post":[],"_links":{"self":[{"href":"https:\/\/schneiderpen.com\/brand\/wp-json\/wp\/v2\/pages\/13","targetHints":{"allow":["GET"]}}],"collection":[{"href":"https:\/\/schneiderpen.com\/brand\/wp-json\/wp\/v2\/pages"}],"about":[{"href":"https:\/\/schneiderpen.com\/brand\/wp-json\/wp\/v2\/types\/page"}],"author":[{"embeddable":true,"href":"https:\/\/schneiderpen.com\/brand\/wp-json\/wp\/v2\/users\/1"}],"replies":[{"embeddable":true,"href":"https:\/\/schneiderpen.com\/brand\/wp-json\/wp\/v2\/comments?post=13"}],"version-history":[{"count":417,"href":"https:\/\/schneiderpen.com\/brand\/wp-json\/wp\/v2\/pages\/13\/revisions"}],"predecessor-version":[{"id":11013,"href":"https:\/\/schneiderpen.com\/brand\/wp-json\/wp\/v2\/pages\/13\/revisions\/11013"}],"up":[{"embeddable":true,"href":"https:\/\/schneiderpen.com\/brand\/wp-json\/wp\/v2\/pages\/5"}],"wp:attachment":[{"href":"https:\/\/schneiderpen.com\/brand\/wp-json\/wp\/v2\/media?parent=13"}],"curies":[{"name":"wp","href":"https:\/\/api.w.org\/{rel}","templated":true}]}}