{"id":378,"date":"2022-06-22T10:46:26","date_gmt":"2022-06-22T08:46:26","guid":{"rendered":"https:\/\/schneiderpen.com\/brand\/?page_id=378"},"modified":"2025-10-14T12:58:25","modified_gmt":"2025-10-14T10:58:25","slug":"write","status":"publish","type":"page","link":"https:\/\/schneiderpen.com\/brand\/marke\/write\/","title":{"rendered":"Schneider Write"},"content":{"rendered":"\n<section class=\"opt-fullwidth opt-fullscreen opt-hero opt-primary opt-nopadding-bot lazyblock-hero-Z1wVcYv opt-nopadding-bot wp-block-lazyblock-hero\">\n    <div class=\"inner-wrapper\">\n\n        \n                            <div class=\"hero-wrapper\" style=\"background-image: url(https:\/\/schneiderpen.com\/brand\/wp-content\/uploads\/schneider-write-hero.jpg);\"><\/div>\n                    \n        \n\n    <\/div>\n<\/section>\n\n\n\n<section class=\"opt-fullscreen opt-quote opt-secondary opt-nopadding lazyblock-quote-Z9MxEz opt-nopadding wp-block-lazyblock-quote\">\n    <div class=\"inner-wrapper\">\n\n        <div class=\"quote-wrapper\">\n            <blockquote>\n                Schneider Write            <\/blockquote>\n        <\/div>\n\n    <\/div>\n<\/section>\n\n\n\n<section class=\"opt-fullwidth  opt-well  opt-nopadding-top lazyblock-intro-21DFRu opt-nopadding-top wp-block-lazyblock-intro\">\n    <div class=\"inner-wrapper\">\n        <div class=\"intro-wrapper\">\n            <div class=\"headline-wrapper\">\n                <h1><\/h1>\n            <\/div>\n            <div class=\"copy-wrapper\">\n                <p>Mit jeder Hervorhebung, jeder Skizze und jeder pers\u00f6nlich geschriebenen Zeile verleihen wir unseren Gedanken Bedeutung. \u201eDas ist mir wichtig\u201c:\u00a0Diese Haltung bringen Menschen mit unseren Produkten zum Schreiben und Markieren zum Ausdruck.<\/p>\n                \n            <\/div>\n        <\/div>\n    <\/div>\n<\/section>\n\n\n\n<section class=\"opt-fullwidth   lazyblock-cards-Z12rY6B wp-block-lazyblock-cards\">\n    <div class=\"inner-wrapper\">\n\n        <div class=\"headline-wrapper\">\n        <h4>Das Sortiment im \u00dcberblick<\/h4>\n                    <div class=\"copy-wrapper opt-70\">\n                <p>Vom F\u00fcller f\u00fcr die ersten Schreibversuche \u00fcber den Highlighter f\u00fcrs B\u00fcro bis hin zum Kugelschreiber f\u00fcr die n\u00e4chste Einkaufsliste: Wo geschrieben oder markiert wird, sind unsere Schreibger\u00e4te mit dabei.<\/p>\n            <\/div>\n            <\/div>\n    \n    <div class=\"cards-wrapper opt-33\">\n\n            \n                \n                <div class=\"card\">\n                                        <div class=\"card-wrapper\">\n                        <div class=\"image-wrapper\">\n                            <img decoding=\"async\" class=\"lozad\" src=\"https:\/\/schneiderpen.com\/brand\/wp-content\/uploads\/schneider-write-produkt-1.png\" data-src=\"https:\/\/schneiderpen.com\/brand\/wp-content\/uploads\/schneider-write-produkt-1.png\" alt=\"\">\n                        <\/div>\n                                                <div class=\"caption-wrapper\">\n                            <p>Kugelschreiber<\/p>                        <\/div>\n                                            <\/div>\n                                    <\/div>\n\n            \n                \n                <div class=\"card\">\n                                        <div class=\"card-wrapper\">\n                        <div class=\"image-wrapper\">\n                            <img decoding=\"async\" class=\"lozad\" src=\"https:\/\/schneiderpen.com\/brand\/wp-content\/uploads\/schneider-write-produkt-6.png\" data-src=\"https:\/\/schneiderpen.com\/brand\/wp-content\/uploads\/schneider-write-produkt-6.png\" alt=\"\">\n                        <\/div>\n                                                <div class=\"caption-wrapper\">\n                            <p>F\u00fcller<\/p>                        <\/div>\n                                            <\/div>\n                                    <\/div>\n\n            \n                \n                <div class=\"card\">\n                                        <div class=\"card-wrapper\">\n                        <div class=\"image-wrapper\">\n                            <img decoding=\"async\" class=\"lozad\" src=\"https:\/\/schneiderpen.com\/brand\/wp-content\/uploads\/schneider-write-produkt-2.png\" data-src=\"https:\/\/schneiderpen.com\/brand\/wp-content\/uploads\/schneider-write-produkt-2.png\" alt=\"\">\n                        <\/div>\n                                                <div class=\"caption-wrapper\">\n                            <p>Tintenroller<\/p>                        <\/div>\n                                            <\/div>\n                                    <\/div>\n\n            \n                \n                <div class=\"card\">\n                                        <div class=\"card-wrapper\">\n                        <div class=\"image-wrapper\">\n                            <img decoding=\"async\" class=\"lozad\" src=\"https:\/\/schneiderpen.com\/brand\/wp-content\/uploads\/schneider-write-produkt-3.png\" data-src=\"https:\/\/schneiderpen.com\/brand\/wp-content\/uploads\/schneider-write-produkt-3.png\" alt=\"\">\n                        <\/div>\n                                                <div class=\"caption-wrapper\">\n                            <p>Fineliner &amp; Faserschreiber<\/p>                        <\/div>\n                                            <\/div>\n                                    <\/div>\n\n            \n                \n                <div class=\"card\">\n                                        <div class=\"card-wrapper\">\n                        <div class=\"image-wrapper\">\n                            <img decoding=\"async\" class=\"lozad\" src=\"https:\/\/schneiderpen.com\/brand\/wp-content\/uploads\/schneider-write-produkt-5.png\" data-src=\"https:\/\/schneiderpen.com\/brand\/wp-content\/uploads\/schneider-write-produkt-5.png\" alt=\"\">\n                        <\/div>\n                                                <div class=\"caption-wrapper\">\n                            <p>Textmarker<\/p>                        <\/div>\n                                            <\/div>\n                                    <\/div>\n\n            \n                \n                <div class=\"card\">\n                                        <div class=\"card-wrapper\">\n                        <div class=\"image-wrapper\">\n                            <img decoding=\"async\" class=\"lozad\" src=\"https:\/\/schneiderpen.com\/brand\/wp-content\/uploads\/schneider-write-produkt-4.png\" data-src=\"https:\/\/schneiderpen.com\/brand\/wp-content\/uploads\/schneider-write-produkt-4.png\" alt=\"\">\n                        <\/div>\n                                                <div class=\"caption-wrapper\">\n                            <p>Marker<\/p>                        <\/div>\n                                            <\/div>\n                                    <\/div>\n\n                    <\/div>\n    <\/div>\n<\/section>\n\n\n\n\n<section class=\"opt-fullwidth opt-slim  opt-well opt-nopadding-bot  lazyblock-headline-ZFSbBS wp-block-lazyblock-headline\">\n    <div class=\"inner-wrapper\">\n\n        <div class=\"headline-copy-wrapper\">\n\n            <div class=\"headline-wrapper opt-center\">\n                <h2>Der Mensch im Fokus<\/h2>\n                                <div class=\"copy-wrapper\">\n                    <p>Wir fertigen Schreibger\u00e4te \u2013 hergestellt von Menschen f\u00fcr Menschen. Sie und ihre pers\u00f6nlichen Geschichten stehen bei uns im Mittelpunkt. So erz\u00e4hlt jedes einzelne Produkt eine ganz eigene Story dar\u00fcber, warum jeder Gedanke es wert ist, aufgeschrieben zu werden.<\/p>\n                <\/div>\n                \n                \n            <\/div>\n\n        <\/div>\n\n    <\/div>\n<\/section>\n\n\n\n<section class=\"opt-fullwidth opt-fullscreen   lazyblock-media-single-OIhkQ wp-block-lazyblock-media-single\">\n    <div class=\"inner-wrapper\">\n\n        \n        <div class=\"media-single-wrapper\">\n\n                            <div class=\"image-wrapper\">\n                                            <img decoding=\"async\" class=\"lozad\" src=\"https:\/\/schneiderpen.com\/brand\/wp-content\/uploads\/schneider-write-menschen-1-scaled.jpg\" data-src=\"https:\/\/schneiderpen.com\/brand\/wp-content\/uploads\/schneider-write-menschen-1-scaled.jpg\" alt=\"\">\n                                    <\/div>\n            \n            \n        <\/div>\n    <\/div>\n<\/section>\n\n\n\n<section class=\"opt-fullwidth opt-fullscreen opt-media-text opt-primary opt-switch  lazyblock-media-text-Z1GovV2 wp-block-lazyblock-media-text\">\n    <div class=\"inner-wrapper\">\n        <div class=\"media-text-wrapper opt-switch\">\n            <div class=\"media-wrapper\">\n                                    <div class=\"image-wrapper\">\n                                                <img decoding=\"async\" class=\"lozad\" src=\"https:\/\/schneiderpen.com\/brand\/wp-content\/uploads\/schneider-write-teaser-markenbotschaft.jpg\" data-src=\"https:\/\/schneiderpen.com\/brand\/wp-content\/uploads\/schneider-write-teaser-markenbotschaft.jpg\" alt=\"\">\n                                            <\/div>\n                            <\/div>\n            <div class=\"text-wrapper \">\n                <h4>Quick Guide Markenbotschaft<\/h4>\n\n                <p style=\"font-weight: 400;\">Warum schreibt man \u00fcberhaupt etwas auf? Weil es von Bedeutung ist. Bedeutsamkeit ist der \u00fcbergreifende Leitgedanke der gesamten Markenkommunikation. So r\u00fccken wir nicht l\u00e4nger die Funktion oder Hochwertigkeit unserer Produkte in den Fokus, sondern legen das Hauptaugenmerk auf das, was mit der Hilfe unserer Schreibger\u00e4te ausgel\u00f6st wird. Unverf\u00e4lschte Emotionen machen unsere Markenkommunikation authentisch. Diesen Perspektivwechsel verdichten wir in dem Claim \u201eMake it matter\u201c.<\/p>\n                \n                                    <div class=\"btn-wrapper\">\n                        <a href=\"https:\/\/schneiderpen.com\/brand\/basics\/claim\/\" class=\"btn btn-outline\">Zum Claim<\/a>\n                    <\/div>\n                \n            <\/div>\n        <\/div>\n    <\/div>\n<\/section>\n\n\n\n<section class=\"opt-fullwidth opt-fullscreen opt-media-text opt-primary   lazyblock-media-text-Z2w5B56 wp-block-lazyblock-media-text\">\n    <div class=\"inner-wrapper\">\n        <div class=\"media-text-wrapper \">\n            <div class=\"media-wrapper\">\n                                    <div class=\"image-wrapper\">\n                                                <img decoding=\"async\" class=\"lozad\" src=\"https:\/\/schneiderpen.com\/brand\/wp-content\/uploads\/schneider-write-teaser-bildwelt.jpg\" data-src=\"https:\/\/schneiderpen.com\/brand\/wp-content\/uploads\/schneider-write-teaser-bildwelt.jpg\" alt=\"\">\n                                            <\/div>\n                            <\/div>\n            <div class=\"text-wrapper \">\n                <h4>Quick Guide Bildwelt<\/h4>\n\n                <p style=\"font-weight: 400;\">Ob Freude, Nachdenken, Zuneigung oder Befreiung: Wir zeigen, welche emotionale Wirkung Menschen mit unseren Schreibger\u00e4ten ausl\u00f6sen k\u00f6nnen. Wir setzen dabei auf Bilder im Reportagestil: authentisch, emotional und ungestellt. Die helle und freundliche Anmutung l\u00e4sst eine sympathische Atmosph\u00e4re entstehen. Durch diesen Blickwinkel lassen wir unsere Zielgruppe am Geschehen teilhaben.<\/p>\n                \n                                    <div class=\"btn-wrapper\">\n                        <a href=\"https:\/\/schneiderpen.com\/brand\/basics\/bildwelt\/\" class=\"btn btn-outline\">Zur Bildwelt<\/a>\n                    <\/div>\n                \n            <\/div>\n        <\/div>\n    <\/div>\n<\/section>\n\n\n\n<section class=\"opt-fullwidth opt-fullscreen opt-media-text opt-primary opt-switch  lazyblock-media-text-Z13C1Pn wp-block-lazyblock-media-text\">\n    <div class=\"inner-wrapper\">\n        <div class=\"media-text-wrapper opt-switch\">\n            <div class=\"media-wrapper\">\n                                    <div class=\"image-wrapper\">\n                                                <img decoding=\"async\" class=\"lozad\" src=\"https:\/\/schneiderpen.com\/brand\/wp-content\/uploads\/schneider-write-teaser-grafikelemente.png\" data-src=\"https:\/\/schneiderpen.com\/brand\/wp-content\/uploads\/schneider-write-teaser-grafikelemente.png\" alt=\"\">\n                                            <\/div>\n                            <\/div>\n            <div class=\"text-wrapper \">\n                <h4>Quick Guide Grafikelemente<\/h4>\n\n                <p style=\"font-weight: 400;\">Im Produktbereich Write kann das ganze Spektrum der Corporate-Farben eingesetzt werden. Abgerundete Ecken an leuchtenden Farbfl\u00e4chen und gro\u00dfformatigen Bildern sowie die Matter Lines verleihen einen unverwechselbaren Look.<\/p>\n                \n                                    <div class=\"btn-wrapper\">\n                        <a href=\"https:\/\/schneiderpen.com\/brand\/basics\/grafikelemente\/\" class=\"btn btn-outline\">Zu den Grafikelementen<\/a>\n                    <\/div>\n                \n            <\/div>\n        <\/div>\n    <\/div>\n<\/section>\n\n\n\n<section class=\"opt-fullwidth   opt-well opt-nopadding-bot  lazyblock-headline-Z1A78ho wp-block-lazyblock-headline\">\n    <div class=\"inner-wrapper\">\n\n        <div class=\"headline-copy-wrapper\">\n\n            <div class=\"headline-wrapper \">\n                <h2><\/h2>\n                \n                \n            <\/div>\n\n        <\/div>\n\n    <\/div>\n<\/section>\n\n\n\n<section class=\"opt-fullwidth  lazyblock-teaser-related-26OTWC wp-block-lazyblock-teaser-related\">\n    <div class=\"inner-wrapper\">\n        <div class=\"teaser-related-wrapper\">\n            <div class=\"headline-wrapper opt-center\">\n                <h4><\/h4>\n            <\/div>\n\n            \n                <div class=\"teaser-cards opt-50 \">\n\n                \n                    \n                    <a href=\"https:\/\/schneiderpen.com\/brand\/marke\/create\/\" class=\"teaser-card-item\">\n                        <div class=\"teaser-card-wrapper\">\n                            <div class=\"caption-wrapper\">\n                                <p class=\"label\">Produktbereich<\/p>                                <h4>Schneider Create<\/h4>\n                            <\/div>\n                            <div class=\"image-wrapper\">\n                                <img decoding=\"async\" class=\"lozad\" src=\"https:\/\/schneiderpen.com\/brand\/wp-content\/uploads\/schneider-marke-bereiche-create-bild.jpg\" data-src=\"https:\/\/schneiderpen.com\/brand\/wp-content\/uploads\/schneider-marke-bereiche-create-bild.jpg\" alt=\"Schneider Create\">\n                            <\/div>\n                        <\/div>\n                    <\/a>\n\n                \n                    \n                    <a href=\"https:\/\/schneiderpen.com\/brand\/marke\/promote\/\" class=\"teaser-card-item\">\n                        <div class=\"teaser-card-wrapper\">\n                            <div class=\"caption-wrapper\">\n                                <p class=\"label\">Produktbereich<\/p>                                <h4>Schneider Promote<\/h4>\n                            <\/div>\n                            <div class=\"image-wrapper\">\n                                <img decoding=\"async\" class=\"lozad\" src=\"https:\/\/schneiderpen.com\/brand\/wp-content\/uploads\/schneider-marke-bereiche-promote.jpg\" data-src=\"https:\/\/schneiderpen.com\/brand\/wp-content\/uploads\/schneider-marke-bereiche-promote.jpg\" alt=\"Schneider Promote\">\n                            <\/div>\n                        <\/div>\n                    <\/a>\n\n                \n                <\/div>\n\n            \n\n        <\/div>\n    <\/div>\n<\/section>\n","protected":false},"excerpt":{"rendered":"","protected":false},"author":1,"featured_media":0,"parent":5,"menu_order":2,"comment_status":"closed","ping_status":"closed","template":"","meta":{"_acf_changed":false,"_seopress_robots_primary_cat":"","_seopress_titles_title":"","_seopress_titles_desc":"","_seopress_robots_index":"","footnotes":""},"class_list":["post-378","page","type-page","status-publish","hentry"],"acf":[],"lang":"de","translations":{"de":378,"en":8344},"pll_sync_post":[],"_links":{"self":[{"href":"https:\/\/schneiderpen.com\/brand\/wp-json\/wp\/v2\/pages\/378","targetHints":{"allow":["GET"]}}],"collection":[{"href":"https:\/\/schneiderpen.com\/brand\/wp-json\/wp\/v2\/pages"}],"about":[{"href":"https:\/\/schneiderpen.com\/brand\/wp-json\/wp\/v2\/types\/page"}],"author":[{"embeddable":true,"href":"https:\/\/schneiderpen.com\/brand\/wp-json\/wp\/v2\/users\/1"}],"replies":[{"embeddable":true,"href":"https:\/\/schneiderpen.com\/brand\/wp-json\/wp\/v2\/comments?post=378"}],"version-history":[{"count":207,"href":"https:\/\/schneiderpen.com\/brand\/wp-json\/wp\/v2\/pages\/378\/revisions"}],"predecessor-version":[{"id":10815,"href":"https:\/\/schneiderpen.com\/brand\/wp-json\/wp\/v2\/pages\/378\/revisions\/10815"}],"up":[{"embeddable":true,"href":"https:\/\/schneiderpen.com\/brand\/wp-json\/wp\/v2\/pages\/5"}],"wp:attachment":[{"href":"https:\/\/schneiderpen.com\/brand\/wp-json\/wp\/v2\/media?parent=378"}],"curies":[{"name":"wp","href":"https:\/\/api.w.org\/{rel}","templated":true}]}}