{"id":408,"date":"2022-06-22T10:52:13","date_gmt":"2022-06-22T08:52:13","guid":{"rendered":"https:\/\/schneiderpen.com\/brand\/?page_id=408"},"modified":"2025-10-31T13:14:08","modified_gmt":"2025-10-31T12:14:08","slug":"schreibweisen","status":"publish","type":"page","link":"https:\/\/schneiderpen.com\/brand\/basics\/schreibweisen\/","title":{"rendered":"Begriffe &#038; Schreibweisen"},"content":{"rendered":"\n<section class=\"opt-fullwidth  opt-well   lazyblock-intro-ZlfJ0h wp-block-lazyblock-intro\">\n    <div class=\"inner-wrapper\">\n        <div class=\"intro-wrapper\">\n            <div class=\"headline-wrapper\">\n                <h1>Begriffe &#038; Schreibweisen<\/h1>\n            <\/div>\n            <div class=\"copy-wrapper\">\n                <p>Nur ein einheitlicher Auftritt ist \u00fcberzeugend \u2013 das gilt auch f\u00fcr das geschriebene Wort. Deshalb benutzen wir \u00fcber die gesamte Markenkommunikation hinweg verbindliche Schreibweisen und Begrifflichkeiten.<\/p>\n                \n            <\/div>\n        <\/div>\n    <\/div>\n<\/section>\n\n\n\n<section class=\"opt-fullwidth opt-fullscreen opt-media-text    lazyblock-media-text-Zv7K8W wp-block-lazyblock-media-text\">\n    <div class=\"inner-wrapper\">\n        <div class=\"media-text-wrapper \">\n            <div class=\"media-wrapper\">\n                                    <div class=\"image-wrapper\">\n                                                <img decoding=\"async\" class=\"lozad\" src=\"https:\/\/schneiderpen.com\/brand\/wp-content\/uploads\/schneider-begriffe-und-schreibweisen-markenname.svg\" data-src=\"https:\/\/schneiderpen.com\/brand\/wp-content\/uploads\/schneider-begriffe-und-schreibweisen-markenname.svg\" alt=\"\">\n                                            <\/div>\n                            <\/div>\n            <div class=\"text-wrapper \">\n                <h4>Markenname<\/h4>\n\n                <p>Der Markenname wird ausschlie\u00dflich in Gro\u00df- und Kleinbuchstaben gesetzt: Schneider (nie SCHNEIDER). Wird der Markenname als Teil eines anderen Eigennamens verwendet wird er durch ein Leerzeichen vom Rest des Namens getrennt wie z. B. in Schneider Write oder Schneider Pen Configurator.<\/p>\n                \n                \n            <\/div>\n        <\/div>\n    <\/div>\n<\/section>\n\n\n\n<section class=\"opt-fullwidth opt-fullscreen opt-media-text  opt-switch  lazyblock-media-text-Z1nl794 wp-block-lazyblock-media-text\">\n    <div class=\"inner-wrapper\">\n        <div class=\"media-text-wrapper opt-switch\">\n            <div class=\"media-wrapper\">\n                                    <div class=\"image-wrapper\">\n                                                <img decoding=\"async\" class=\"lozad\" src=\"https:\/\/schneiderpen.com\/brand\/wp-content\/uploads\/schneider-begriffe-und-schreibweisen-claim.svg\" data-src=\"https:\/\/schneiderpen.com\/brand\/wp-content\/uploads\/schneider-begriffe-und-schreibweisen-claim.svg\" alt=\"\">\n                                            <\/div>\n                            <\/div>\n            <div class=\"text-wrapper \">\n                <h4>Claim<\/h4>\n\n                <p style=\"font-weight: 400;\">Bedeutsamkeit ist der zentrale Markenwert, der die gesamte Kommunikation von Schneider bestimmt. Das bringt auch der neue Claim \u201eMake it matter\u201c klar zum Ausdruck.<\/p>\n<p style=\"font-weight: 400;\">\u201eMake it matter\u201c wird ohne Punkt geschrieben. Der Claim wird international nur in dieser Form eingesetzt und nicht in einzelne Landessprachen \u00fcbersetzt.<\/p>\n                \n                                    <div class=\"btn-wrapper\">\n                        <a href=\"https:\/\/schneiderpen.com\/brand\/basics\/claim\/\" class=\"btn btn-outline\">Zum Claim<\/a>\n                    <\/div>\n                \n            <\/div>\n        <\/div>\n    <\/div>\n<\/section>\n\n\n\n<section class=\"opt-fullwidth opt-fullscreen opt-media-text    lazyblock-media-text-1ygMM wp-block-lazyblock-media-text\">\n    <div class=\"inner-wrapper\">\n        <div class=\"media-text-wrapper \">\n            <div class=\"media-wrapper\">\n                                    <div class=\"image-wrapper\">\n                                                <img decoding=\"async\" class=\"lozad\" src=\"https:\/\/schneiderpen.com\/brand\/wp-content\/uploads\/schneider-begriffe-und-schreibweisen-made-in-germany-signet.svg\" data-src=\"https:\/\/schneiderpen.com\/brand\/wp-content\/uploads\/schneider-begriffe-und-schreibweisen-made-in-germany-signet.svg\" alt=\"\">\n                                            <\/div>\n                            <\/div>\n            <div class=\"text-wrapper \">\n                <h4>Made in Germany<\/h4>\n\n                <p style=\"font-weight: 400;\">Um die hohe Qualit\u00e4t unserer Produkte gew\u00e4hrleisten zu k\u00f6nnen, entwickeln und produzieren wir ausschlie\u00dflich in Deutschland \u2013 das wird durch die Aufschrift \u201eMade in Germany\u201d auf allen unseren Schreibger\u00e4ten sichtbar. Dieses Qualit\u00e4tsversprechen wird ohne Punkt geschrieben und bleibt stets englisch \u2013 unabh\u00e4ngig davon, in welcher Sprache der Text verfasst ist.<\/p>\n<p><strong>Im Flie\u00dftext wird die Formulierung Duden-konform kleingeschrieben: Markenqualit\u00e4t made in Germany. Im Badge wird \u201eMade in Germany\u201c am Anfang gro\u00dfgeschrieben.<\/strong><\/p>\n                \n                                    <div class=\"btn-wrapper\">\n                        <a href=\"https:\/\/schneiderpen.com\/brand\/basics\/made-in-germany\/\" class=\"btn btn-outline\">Mehr \u00fcber \u201eMade in Germany\u201c<\/a>\n                    <\/div>\n                \n            <\/div>\n        <\/div>\n    <\/div>\n<\/section>\n\n\n\n<section class=\"opt-fullwidth opt-fullscreen opt-media-text  opt-switch  lazyblock-media-text-1sP9O5 wp-block-lazyblock-media-text\">\n    <div class=\"inner-wrapper\">\n        <div class=\"media-text-wrapper opt-switch\">\n            <div class=\"media-wrapper\">\n                                    <div class=\"image-wrapper\">\n                                                <img decoding=\"async\" class=\"lozad\" src=\"https:\/\/schneiderpen.com\/brand\/wp-content\/uploads\/schneider-begriffe-und-schreibweisen-produktname.svg\" data-src=\"https:\/\/schneiderpen.com\/brand\/wp-content\/uploads\/schneider-begriffe-und-schreibweisen-produktname.svg\" alt=\"\">\n                                            <\/div>\n                            <\/div>\n            <div class=\"text-wrapper \">\n                <h4>Produktnamen<\/h4>\n\n                <p style=\"font-weight: 400;\">Produktnamen werden typografisch nicht gesondert hervorgehoben. Sofern der Produkttyp nicht eindeutig aus dem Kontext hervorgeht, wird dieser vorne an den Namen angef\u00fcgt, z. B. Kugelschreiber Slider Rave. Ob f\u00fcr einen Produktnamen der maskuline oder feminine Artikel verwendet wird, h\u00e4ngt vom Geschlecht des Produkttyps (nicht des Produktnamens) ab.<\/p>\n                \n                \n            <\/div>\n        <\/div>\n    <\/div>\n<\/section>\n\n\n\n<section class=\"opt-fullwidth opt-fullscreen opt-media-text    lazyblock-media-text-nXPWz wp-block-lazyblock-media-text\">\n    <div class=\"inner-wrapper\">\n        <div class=\"media-text-wrapper \">\n            <div class=\"media-wrapper\">\n                                    <div class=\"image-wrapper\">\n                                                <img decoding=\"async\" class=\"lozad\" src=\"https:\/\/schneiderpen.com\/brand\/wp-content\/uploads\/schneider-begriffe-und-schreibweisen-gendern.svg\" data-src=\"https:\/\/schneiderpen.com\/brand\/wp-content\/uploads\/schneider-begriffe-und-schreibweisen-gendern.svg\" alt=\"\">\n                                            <\/div>\n                            <\/div>\n            <div class=\"text-wrapper \">\n                <h4>Sinnvolle Geschlechtsneutralit\u00e4t<\/h4>\n\n                <p style=\"font-weight: 400;\">Im Rahmen der Unternehmenskommunikation achten wir darauf, m\u00f6glichst geschlechtsneutral zu formulieren. Mithilfe des Asterisks inkludieren wir alle Geschlechter in unsere Texte, z. B. als Mitarbeiter*innen oder Leser*innen. Aber aufgepasst: Versuche immer Formulierungen zu finden, die nicht auf Kosten der Lesbarkeit gehen.<\/p>\n                \n                \n            <\/div>\n        <\/div>\n    <\/div>\n<\/section>\n\n\n\n<section class=\"opt-fullwidth opt-fullscreen opt-media-text  opt-switch  lazyblock-media-text-27DEu7 wp-block-lazyblock-media-text\">\n    <div class=\"inner-wrapper\">\n        <div class=\"media-text-wrapper opt-switch\">\n            <div class=\"media-wrapper\">\n                                    <div class=\"image-wrapper\">\n                                                <img decoding=\"async\" class=\"lozad\" src=\"https:\/\/schneiderpen.com\/brand\/wp-content\/uploads\/schneider-begriffe-und-schreibweisen-gross-kleinschreibung.svg\" data-src=\"https:\/\/schneiderpen.com\/brand\/wp-content\/uploads\/schneider-begriffe-und-schreibweisen-gross-kleinschreibung.svg\" alt=\"\">\n                                            <\/div>\n                            <\/div>\n            <div class=\"text-wrapper \">\n                <h4>Gro\u00df- und Kleinschreibung<\/h4>\n\n                <p style=\"font-weight: 400;\">F\u00fcr \u00dcberschriften gelten grunds\u00e4tzlich die normalen Gro\u00df-und Kleinschreibungsregeln. Nach Doppel- und Auslassungspunkten wird nur gro\u00df weitergeschrieben, wenn dort ein neuer Hauptsatz beginnt (und nat\u00fcrlich, wenn das dort stehende Wort grunds\u00e4tzlich gro\u00dfgeschrieben wird).<\/p>\n<p style=\"font-weight: 400;\">Nach einem Gedankenstrich wird klein weitergeschrieben. Davon ausgenommen sind Substantive und Eigennamen, die selbstverst\u00e4ndlich trotzdem gro\u00dfgeschrieben werden.<\/p>\n                \n                \n            <\/div>\n        <\/div>\n    <\/div>\n<\/section>\n\n\n\n<section class=\"opt-fullwidth opt-fullscreen opt-media-text    lazyblock-media-text-ZCoe9A wp-block-lazyblock-media-text\">\n    <div class=\"inner-wrapper\">\n        <div class=\"media-text-wrapper \">\n            <div class=\"media-wrapper\">\n                                    <div class=\"image-wrapper\">\n                                                <img decoding=\"async\" class=\"lozad\" src=\"https:\/\/schneiderpen.com\/brand\/wp-content\/uploads\/schneider-begriffe-und-schreibweisen-artikelnummern.svg\" data-src=\"https:\/\/schneiderpen.com\/brand\/wp-content\/uploads\/schneider-begriffe-und-schreibweisen-artikelnummern.svg\" alt=\"\">\n                                            <\/div>\n                            <\/div>\n            <div class=\"text-wrapper \">\n                <h4>Artikelnummern<\/h4>\n\n                <p style=\"font-weight: 400;\">Artikelnummern werden nahtlos in einer Reihe gesetzt \u2013 ohne eine Gliederung durch Leerzeichen oder Bindestriche.<\/p>\n                \n                \n            <\/div>\n        <\/div>\n    <\/div>\n<\/section>\n\n\n\n<section class=\"opt-fullwidth opt-fullscreen opt-media-text  opt-switch  lazyblock-media-text-1KiRcO wp-block-lazyblock-media-text\">\n    <div class=\"inner-wrapper\">\n        <div class=\"media-text-wrapper opt-switch\">\n            <div class=\"media-wrapper\">\n                                    <div class=\"image-wrapper\">\n                                                <img decoding=\"async\" class=\"lozad\" src=\"https:\/\/schneiderpen.com\/brand\/wp-content\/uploads\/schneider-begriffe-und-schreibweisen-telefonnummern.svg\" data-src=\"https:\/\/schneiderpen.com\/brand\/wp-content\/uploads\/schneider-begriffe-und-schreibweisen-telefonnummern.svg\" alt=\"\">\n                                            <\/div>\n                            <\/div>\n            <div class=\"text-wrapper \">\n                <h4>Telefonnummern<\/h4>\n\n                <p style=\"font-weight: 400;\">Telefonnummern werden nach der Richtlinie der DIN 5008 gegliedert: Die Vorwahl wird durch einen Leerschritt von der restlichen Telefonnummer abgesetzt. Eine Durchwahlnummer wird mit einem Bindestrich an die Anlagennummer angeh\u00e4ngt. F\u00fcr Nummern aus Deutschland wird ein Pluszeichen sowie 49 vorangestellt.<\/p>\n<p style=\"font-weight: 400;\">Die Schreibweise f\u00fcr Handy- und Faxnummern ist mit der f\u00fcr Telefonnummern identisch.<\/p>\n                \n                \n            <\/div>\n        <\/div>\n    <\/div>\n<\/section>\n\n\n\n<section class=\"opt-fullwidth opt-fullscreen opt-media-text    lazyblock-media-text-tYpwQ wp-block-lazyblock-media-text\">\n    <div class=\"inner-wrapper\">\n        <div class=\"media-text-wrapper \">\n            <div class=\"media-wrapper\">\n                                    <div class=\"image-wrapper\">\n                                                <img decoding=\"async\" class=\"lozad\" src=\"https:\/\/schneiderpen.com\/brand\/wp-content\/uploads\/schneider-begriffe-und-schreibweisen-undzeichen.svg\" data-src=\"https:\/\/schneiderpen.com\/brand\/wp-content\/uploads\/schneider-begriffe-und-schreibweisen-undzeichen.svg\" alt=\"\">\n                                            <\/div>\n                            <\/div>\n            <div class=\"text-wrapper \">\n                <h4>\u201eund\u201c vs. \u201e&#038;\u201c<\/h4>\n\n                <p style=\"font-weight: 400;\">Das Wort \u201eund\u201c wird in Flie\u00dftexten stets ausgeschrieben (au\u00dfer in Eigennamen mit dem kaufm\u00e4nnischen Und-Zeichen).<\/p>\n<p style=\"font-weight: 400;\">Das kaufm\u00e4nnische Und-Zeichen \u201e&amp;\u201c darf au\u00dferhalb von Flie\u00dftexten eingesetzt werden, um Texte zu verk\u00fcrzen oder stilistisch aufzuwerten.<\/p>\n                \n                \n            <\/div>\n        <\/div>\n    <\/div>\n<\/section>\n\n\n\n<section class=\"opt-fullwidth opt-fullscreen opt-media-text  opt-switch  lazyblock-media-text-Z1hftT9 wp-block-lazyblock-media-text\">\n    <div class=\"inner-wrapper\">\n        <div class=\"media-text-wrapper opt-switch\">\n            <div class=\"media-wrapper\">\n                                    <div class=\"image-wrapper\">\n                                                <img decoding=\"async\" class=\"lozad\" src=\"https:\/\/schneiderpen.com\/brand\/wp-content\/uploads\/schneider-begriffe-und-schreibweisen-englisch.svg\" data-src=\"https:\/\/schneiderpen.com\/brand\/wp-content\/uploads\/schneider-begriffe-und-schreibweisen-englisch.svg\" alt=\"\">\n                                            <\/div>\n                            <\/div>\n            <div class=\"text-wrapper \">\n                <h4>\u00dcbersetzungen ins Englische<\/h4>\n\n                <p style=\"font-weight: 400;\">Bitte achte bei \u00dcbersetzungen ins Englische darauf, dass British English statt American English als Sprachvariante gew\u00e4hlt wird.<\/p>\n                \n                \n            <\/div>\n        <\/div>\n    <\/div>\n<\/section>\n\n\n\n<section class=\"opt-fullwidth  lazyblock-table-list-1LUJtk wp-block-lazyblock-table-list\">\n    <div class=\"inner-wrapper\">\n        <div class=\"table-list-wrapper\">\n\n                        <div class=\"headline-wrapper\">\n                <h4>L\u00e4nderspezifische Orthografie<\/h4>\n            <\/div>\n            \n            <div class=\"table-list\">\n\n                                \n                <div class=\"table-item\">\n                    <div class=\"image-wrapper\">\n                        <img decoding=\"async\" class=\"lozad\" src=\"https:\/\/schneiderpen.com\/brand\/wp-content\/uploads\/schneider-begriffe-und-schreibweisen-tabelle-quotes-de.svg\" data-src=\"https:\/\/schneiderpen.com\/brand\/wp-content\/uploads\/schneider-begriffe-und-schreibweisen-tabelle-quotes-de.svg\" alt=\"\">\n                    <\/div>\n\n                    <div class=\"headline-copy-wrapper\">\n                        <div class=\"item-headline\">\n                            <p><strong>Deutsche Anf\u00fchrungszeichen<\/strong><\/p>\n                        <\/div>\n                        <div class=\"item-copy\">\n                            <p>Wir verwenden doppelte Anf\u00fchrungszeichen unten und schlie\u00dfen mit doppelten Anf\u00fchrungszeichen oben in allen Texten, die f\u00fcr den deutschen Sprachraum bestimmt sind.<\/p>\n                        <\/div>\n                    <\/div>\n                <\/div>\n\n                                \n                <div class=\"table-item\">\n                    <div class=\"image-wrapper\">\n                        <img decoding=\"async\" class=\"lozad\" src=\"https:\/\/schneiderpen.com\/brand\/wp-content\/uploads\/schneider-begriffe-und-schreibweisen-tabelle-quotes-en.svg\" data-src=\"https:\/\/schneiderpen.com\/brand\/wp-content\/uploads\/schneider-begriffe-und-schreibweisen-tabelle-quotes-en.svg\" alt=\"\">\n                    <\/div>\n\n                    <div class=\"headline-copy-wrapper\">\n                        <div class=\"item-headline\">\n                            <p><strong>Englische Anf\u00fchrungszeichen<\/strong><\/p>\n                        <\/div>\n                        <div class=\"item-copy\">\n                            <p>In englischsprachigen Texten sind englische Anf\u00fchrungszeichen zu verwenden.<\/p>\n                        <\/div>\n                    <\/div>\n                <\/div>\n\n                                \n                <div class=\"table-item\">\n                    <div class=\"image-wrapper\">\n                        <img decoding=\"async\" class=\"lozad\" src=\"https:\/\/schneiderpen.com\/brand\/wp-content\/uploads\/schneider-begriffe-und-schreibweisen-tabelle-zahlen-deutsch.svg\" data-src=\"https:\/\/schneiderpen.com\/brand\/wp-content\/uploads\/schneider-begriffe-und-schreibweisen-tabelle-zahlen-deutsch.svg\" alt=\"\">\n                    <\/div>\n\n                    <div class=\"headline-copy-wrapper\">\n                        <div class=\"item-headline\">\n                            <p><strong>Zahlen im deutschen Sprachraum<\/strong><\/p>\n                        <\/div>\n                        <div class=\"item-copy\">\n                            <p>Wir setzen Punkte als Tausendertrennzeichen und Kommas als Dezimaltrennzeichen ein.<\/p>\n                        <\/div>\n                    <\/div>\n                <\/div>\n\n                                \n                <div class=\"table-item\">\n                    <div class=\"image-wrapper\">\n                        <img decoding=\"async\" class=\"lozad\" src=\"https:\/\/schneiderpen.com\/brand\/wp-content\/uploads\/schneider-begriffe-und-schreibweisen-tabelle-zahlen-englisch.svg\" data-src=\"https:\/\/schneiderpen.com\/brand\/wp-content\/uploads\/schneider-begriffe-und-schreibweisen-tabelle-zahlen-englisch.svg\" alt=\"\">\n                    <\/div>\n\n                    <div class=\"headline-copy-wrapper\">\n                        <div class=\"item-headline\">\n                            <p><strong>Zahlen im englischen Sprachraum<\/strong><\/p>\n                        <\/div>\n                        <div class=\"item-copy\">\n                            <p>Im englischen Sprachraum werden die Zeichen genau anders herum verwendet \u2013 Kommas als Tausendertrennzeichen, Punkte als Dezimaltrennzeichen.<\/p>\n                        <\/div>\n                    <\/div>\n                <\/div>\n\n                                \n                <div class=\"table-item\">\n                    <div class=\"image-wrapper\">\n                        <img decoding=\"async\" class=\"lozad\" src=\"https:\/\/schneiderpen.com\/brand\/wp-content\/uploads\/schneider-begriffe-und-schreibweisen-tabelle-zahlen-masse.svg\" data-src=\"https:\/\/schneiderpen.com\/brand\/wp-content\/uploads\/schneider-begriffe-und-schreibweisen-tabelle-zahlen-masse.svg\" alt=\"\">\n                    <\/div>\n\n                    <div class=\"headline-copy-wrapper\">\n                        <div class=\"item-headline\">\n                            <p><strong>Ma\u00dfeinheiten &#038; W\u00e4hrungszeichen im deutschen Sprachraum<\/strong><\/p>\n                        <\/div>\n                        <div class=\"item-copy\">\n                            <p>Ma\u00dfeinheiten f\u00fcr Abmessungen, Gewicht usw. und W\u00e4hrungszeichen sowie Prozentzeichen werden stets durch ein Leerzeichen vom zugeh\u00f6rigen Wert getrennt.<\/p>\n                        <\/div>\n                    <\/div>\n                <\/div>\n\n                                \n                <div class=\"table-item\">\n                    <div class=\"image-wrapper\">\n                        <img decoding=\"async\" class=\"lozad\" src=\"https:\/\/schneiderpen.com\/brand\/wp-content\/uploads\/schneider-begriffe-und-schreibweisen-tabelle-schraegstriche.svg\" data-src=\"https:\/\/schneiderpen.com\/brand\/wp-content\/uploads\/schneider-begriffe-und-schreibweisen-tabelle-schraegstriche.svg\" alt=\"\">\n                    <\/div>\n\n                    <div class=\"headline-copy-wrapper\">\n                        <div class=\"item-headline\">\n                            <p><strong>Schr\u00e4gstriche ohne Leerzeichen<\/strong><\/p>\n                        <\/div>\n                        <div class=\"item-copy\">\n                            <p>Wenn durch einen Schr\u00e4gstrich zwei einzelne W\u00f6rter oder Zahlen voneinander getrennt werden, wird er ohne Leerzeichen gesetzt.<\/p>\n                        <\/div>\n                    <\/div>\n                <\/div>\n\n                                \n                <div class=\"table-item\">\n                    <div class=\"image-wrapper\">\n                        <img decoding=\"async\" class=\"lozad\" src=\"https:\/\/schneiderpen.com\/brand\/wp-content\/uploads\/schneider-begriffe-und-schreibweisen-tabelle-schraegstriche-lz.svg\" data-src=\"https:\/\/schneiderpen.com\/brand\/wp-content\/uploads\/schneider-begriffe-und-schreibweisen-tabelle-schraegstriche-lz.svg\" alt=\"\">\n                    <\/div>\n\n                    <div class=\"headline-copy-wrapper\">\n                        <div class=\"item-headline\">\n                            <p><strong>Schr\u00e4gstriche mit Leerzeichen<\/strong><\/p>\n                        <\/div>\n                        <div class=\"item-copy\">\n                            <p>Besteht mindestens einer der voneinander getrennten Begriffe aus mehreren W\u00f6rtern, wird der Schr\u00e4gstrich mit Leerzeichen gesetzt.<\/p>\n                        <\/div>\n                    <\/div>\n                <\/div>\n\n                                \n                <div class=\"table-item\">\n                    <div class=\"image-wrapper\">\n                        <img decoding=\"async\" class=\"lozad\" src=\"https:\/\/schneiderpen.com\/brand\/wp-content\/uploads\/schneider-begriffe-und-schreibweisen-tabelle-bindestrich.svg\" data-src=\"https:\/\/schneiderpen.com\/brand\/wp-content\/uploads\/schneider-begriffe-und-schreibweisen-tabelle-bindestrich.svg\" alt=\"\">\n                    <\/div>\n\n                    <div class=\"headline-copy-wrapper\">\n                        <div class=\"item-headline\">\n                            <p><strong>Binde- und Gedankenstriche im deutschen Sprachraum<\/strong><\/p>\n                        <\/div>\n                        <div class=\"item-copy\">\n                            <p>Binde- und Gedankenstriche (\u201e-\u201c und \u201e\u2013\u201c) werden in Flie\u00dftexten korrekt eingesetzt: Bindestriche zum Beispiel f\u00fcr Worttrennung und zusammengesetzte W\u00f6rter, Gedankenstriche unter anderem zur orthografischen Unterteilung von S\u00e4tzen.<\/p>\n                        <\/div>\n                    <\/div>\n                <\/div>\n\n                \n            <\/div>\n\n\n\n        <\/div>\n    <\/div>\n<\/section>\n\n\n\n\n<section class=\"opt-fullwidth  lazyblock-teaser-cards-small-Z2x1hq4 wp-block-lazyblock-teaser-cards-small\">\n    <div class=\"inner-wrapper\">\n\n                <div class=\"headline-wrapper\">\n            <h2>Deine n\u00e4chsten Schritten<\/h2>\n        <\/div>\n                \n        <div class=\"teaser-cards-small-wrapper\">\n            <div class=\"teaser-cards-small\">\n\n                \n                \n                <a href=\"https:\/\/schneiderpen.com\/brand\/basics\/bildwelt\/\">\n                    <div class=\"caption-wrapper\">\n                        <h3>Bildwelt<\/h3>\n                    <\/div>\n                <\/a>\n\n                \n\n            <\/div>\n        <\/div>\n    <\/div>\n<\/section>\n","protected":false},"excerpt":{"rendered":"","protected":false},"author":1,"featured_media":0,"parent":9,"menu_order":10,"comment_status":"closed","ping_status":"closed","template":"","meta":{"_acf_changed":false,"_seopress_robots_primary_cat":"","_seopress_titles_title":"","_seopress_titles_desc":"","_seopress_robots_index":"","footnotes":""},"class_list":["post-408","page","type-page","status-publish","hentry"],"acf":[],"lang":"de","translations":{"de":408,"en":8350},"pll_sync_post":[],"_links":{"self":[{"href":"https:\/\/schneiderpen.com\/brand\/wp-json\/wp\/v2\/pages\/408","targetHints":{"allow":["GET"]}}],"collection":[{"href":"https:\/\/schneiderpen.com\/brand\/wp-json\/wp\/v2\/pages"}],"about":[{"href":"https:\/\/schneiderpen.com\/brand\/wp-json\/wp\/v2\/types\/page"}],"author":[{"embeddable":true,"href":"https:\/\/schneiderpen.com\/brand\/wp-json\/wp\/v2\/users\/1"}],"replies":[{"embeddable":true,"href":"https:\/\/schneiderpen.com\/brand\/wp-json\/wp\/v2\/comments?post=408"}],"version-history":[{"count":210,"href":"https:\/\/schneiderpen.com\/brand\/wp-json\/wp\/v2\/pages\/408\/revisions"}],"predecessor-version":[{"id":11018,"href":"https:\/\/schneiderpen.com\/brand\/wp-json\/wp\/v2\/pages\/408\/revisions\/11018"}],"up":[{"embeddable":true,"href":"https:\/\/schneiderpen.com\/brand\/wp-json\/wp\/v2\/pages\/9"}],"wp:attachment":[{"href":"https:\/\/schneiderpen.com\/brand\/wp-json\/wp\/v2\/media?parent=408"}],"curies":[{"name":"wp","href":"https:\/\/api.w.org\/{rel}","templated":true}]}}