{"id":411,"date":"2022-06-22T10:52:31","date_gmt":"2022-06-22T08:52:31","guid":{"rendered":"https:\/\/schneiderpen.com\/brand\/?page_id=411"},"modified":"2025-09-30T10:02:37","modified_gmt":"2025-09-30T08:02:37","slug":"icons","status":"publish","type":"page","link":"https:\/\/schneiderpen.com\/brand\/basics\/icons\/","title":{"rendered":"Icons"},"content":{"rendered":"\n<section class=\"opt-fullwidth  opt-well   lazyblock-intro-1I3LCU wp-block-lazyblock-intro\">\n    <div class=\"inner-wrapper\">\n        <div class=\"intro-wrapper\">\n            <div class=\"headline-wrapper\">\n                <h1>Icons<\/h1>\n            <\/div>\n            <div class=\"copy-wrapper\">\n                <p>Kleine Zeichen mit gro\u00dfer Bedeutung: Icons vermitteln Informationen \u00fcber einzelne Produkteigenschaften auf kleinstem Raum \u2013 effektiv und schnell erfassbar.<\/p>\n                \n            <\/div>\n        <\/div>\n    <\/div>\n<\/section>\n\n\n\n<section class=\"opt-fullwidth   lazyblock-cards-SBDHW wp-block-lazyblock-cards\">\n    <div class=\"inner-wrapper\">\n\n        <div class=\"headline-wrapper\">\n        <h4>\u00dcberblick<\/h4>\n            <\/div>\n    \n    <div class=\"cards-wrapper opt-33\">\n\n            \n                \n                <div class=\"card\">\n                                        <div class=\"card-wrapper\">\n                        <div class=\"image-wrapper\">\n                            <img decoding=\"async\" class=\"lozad\" src=\"https:\/\/schneiderpen.com\/brand\/wp-content\/uploads\/schneider-icons-grau-uebersicht-features.jpg\" data-src=\"https:\/\/schneiderpen.com\/brand\/wp-content\/uploads\/schneider-icons-grau-uebersicht-features.jpg\" alt=\"\">\n                        <\/div>\n                                                <div class=\"caption-wrapper\">\n                            <p style=\"font-weight: 400;\"><strong>Icon-Kategorie Features<\/strong><\/p>\n<p style=\"font-weight: 400;\">Mit diesen Symbolen werden technische Eigenschaften eines Produkts hervorgehoben.<\/p>                        <\/div>\n                                            <\/div>\n                                    <\/div>\n\n            \n                \n                <div class=\"card\">\n                                        <div class=\"card-wrapper\">\n                        <div class=\"image-wrapper\">\n                            <img decoding=\"async\" class=\"lozad\" src=\"https:\/\/schneiderpen.com\/brand\/wp-content\/uploads\/schneider-icons-grau-uebersicht-nachhaltig.jpg\" data-src=\"https:\/\/schneiderpen.com\/brand\/wp-content\/uploads\/schneider-icons-grau-uebersicht-nachhaltig.jpg\" alt=\"\">\n                        <\/div>\n                                                <div class=\"caption-wrapper\">\n                            <p style=\"font-weight: 400;\"><strong>Icon-Kategorie Nachhaltigkeit<\/strong><\/p>\n<p style=\"font-weight: 400;\">Diese Icons betonen insbesondere die nachhaltigen Eigenschaften eines Produkts.<\/p>                        <\/div>\n                                            <\/div>\n                                    <\/div>\n\n            \n                \n                <div class=\"card\">\n                                        <div class=\"card-wrapper\">\n                        <div class=\"image-wrapper\">\n                            <img decoding=\"async\" class=\"lozad\" src=\"https:\/\/schneiderpen.com\/brand\/wp-content\/uploads\/schneider-icons-grau-uebersicht-spitzen.jpg\" data-src=\"https:\/\/schneiderpen.com\/brand\/wp-content\/uploads\/schneider-icons-grau-uebersicht-spitzen.jpg\" alt=\"\">\n                        <\/div>\n                                                <div class=\"caption-wrapper\">\n                            <p style=\"font-weight: 400;\"><strong>Icon-Kategorie Stiftspitzen<\/strong><\/p>\n<p style=\"font-weight: 400;\">Die Art, St\u00e4rke und Farbe von Stiftspitzen lassen sich mit diesen Icons darstellen.<\/p>                        <\/div>\n                                            <\/div>\n                                    <\/div>\n\n                    <\/div>\n    <\/div>\n<\/section>\n\n\n\n\n<section class=\"opt-fullwidth opt-slim  opt-well opt-nopadding-bot  lazyblock-headline-a5uEw wp-block-lazyblock-headline\">\n    <div class=\"inner-wrapper\">\n\n        <div class=\"headline-copy-wrapper\">\n\n            <div class=\"headline-wrapper opt-center\">\n                <h2>Icon-Kategorie Features<\/h2>\n                                <div class=\"copy-wrapper\">\n                    <p>Um technische Produkteigenschaften wie zum Beispiel Nachf\u00fcllbarkeit, Dokumentenechtheit oder Linksh\u00e4nder-Orientierung \u00fcbersichtlich darzustellen, wird die Icon-Kategorie Features verwendet. Sie liegt in den beiden Farbversionen Schwarz und Wei\u00df vor. Welche Icons f\u00fcr ein bestimmtes Schreibger\u00e4t eingesetzt werden, ist im <a href=\"https:\/\/kundenportal.schneiderpen.com\/Application\/produkte\" data-type=\"link\" data-id=\"https:\/\/kundenportal.schneiderpen.com\/Application\/produkte\">Kundenportal<\/a> beim jeweiligen Produkt hinterlegt.<\/p>\n                <\/div>\n                \n                \n            <\/div>\n\n        <\/div>\n\n    <\/div>\n<\/section>\n\n\n\n<section class=\"opt-fullwidth opt-fullscreen   lazyblock-media-single-FbLcX wp-block-lazyblock-media-single\">\n    <div class=\"inner-wrapper\">\n\n        \n        <div class=\"media-single-wrapper\">\n\n                            <div class=\"image-wrapper\">\n                                            <img decoding=\"async\" class=\"lozad\" src=\"https:\/\/schneiderpen.com\/brand\/wp-content\/uploads\/schneider-icons-features-scaled.jpg\" data-src=\"https:\/\/schneiderpen.com\/brand\/wp-content\/uploads\/schneider-icons-features-scaled.jpg\" alt=\"\">\n                                    <\/div>\n            \n            \n        <\/div>\n    <\/div>\n<\/section>\n\n\n\n<section class=\"opt-fullwidth opt-slim  opt-well opt-nopadding-bot  lazyblock-headline-1X80OT wp-block-lazyblock-headline\">\n    <div class=\"inner-wrapper\">\n\n        <div class=\"headline-copy-wrapper\">\n\n            <div class=\"headline-wrapper opt-center\">\n                <h2>Icon-Kategorie Nachhaltigkeit<\/h2>\n                                <div class=\"copy-wrapper\">\n                    <p>Wir verweisen selbstbewusst und deutlich auf die nachhaltigen Eigenschaften unserer Schreibger\u00e4te. Mit Ausnahme des Blauen Engels sind alle Symbole in dieser Icon-Kategorie gr\u00fcn. Es ist darauf zu achten, die richtige Sprachversion f\u00fcr den jeweiligen Markt zu w\u00e4hlen. Welche Icons f\u00fcr ein bestimmtes Schreibger\u00e4t eingesetzt werden, ist im <a href=\"https:\/\/kundenportal.schneiderpen.com\/Application\/produkte\" data-type=\"link\" data-id=\"https:\/\/kundenportal.schneiderpen.com\/Application\/produkte\">Kundenportal<\/a> beim jeweiligen Produkt hinterlegt.<\/p>\n                <\/div>\n                \n                \n            <\/div>\n\n        <\/div>\n\n    <\/div>\n<\/section>\n\n\n\n<section class=\"opt-fullwidth opt-media-text   lazyblock-media-slider-13aL4 wp-block-lazyblock-media-slider\">\n    <div class=\"inner-wrapper\">\n        <div class=\"media-text-wrapper \">\n            <div class=\"media-wrapper\">\n\n                <div class=\"carousel carousel-media-slider\">\n                    \n                    \n                    <div class=\"item\">\n                                                <img decoding=\"async\" class=\"lozad\" src=\"https:\/\/schneiderpen.com\/brand\/wp-content\/uploads\/schneider-icons-grau-blauer-engel-1.jpg\" data-src=\"https:\/\/schneiderpen.com\/brand\/wp-content\/uploads\/schneider-icons-grau-blauer-engel-1.jpg\" alt=\"\" width=\"500\" height=\"250\">\n                                            <\/div>\n                    \n                    \n                    <div class=\"item\">\n                                                <img decoding=\"async\" class=\"lozad\" src=\"https:\/\/schneiderpen.com\/brand\/wp-content\/uploads\/schneider-icons-blauerengel-feld.jpg\" data-src=\"https:\/\/schneiderpen.com\/brand\/wp-content\/uploads\/schneider-icons-blauerengel-feld.jpg\" alt=\"\" width=\"500\" height=\"250\">\n                                            <\/div>\n                                    <\/div>\n\n            <\/div>\n            <div class=\"text-wrapper \">\n                <h4>Blauer Engel<\/h4>\n\n                <p style=\"font-weight: 400;\">Wurde ein Produkt mit dem Blauen Engel ausgezeichnet, zeigen wir das gern. Die Nutzung des Emblems ist dabei nur in Verbindung mit einem Kurzlink zul\u00e4ssig, der die Internetadresse und die Nummer der Vergabekriterien (UZ-Nummer) anzeigt. Anstelle des Kurzlinks kann optional ein Erkl\u00e4rfeld mit den f\u00fcr die jeweiligen Vergabekriterien wichtigsten Vorteilen f\u00fcr Umwelt und Gesundheit abgebildet werden.\u00a0<\/p>\n                \n                                    <div class=\"btn-wrapper\">\n                        <a href=\"https:\/\/www.blauer-engel.de\/de\/produktwelt\/schreibgeraete-stempel\" class=\"btn btn-outline\">Zum Blauen Engel<\/a>\n                    <\/div>\n                \n            <\/div>\n        <\/div>\n    <\/div>\n<\/section>\n\n\n\n<section class=\"opt-fullwidth opt-media-text   lazyblock-media-slider-1Yp4fn wp-block-lazyblock-media-slider\">\n    <div class=\"inner-wrapper\">\n        <div class=\"media-text-wrapper \">\n            <div class=\"media-wrapper\">\n\n                <div class=\"carousel carousel-media-slider\">\n                    \n                    \n                    <div class=\"item\">\n                                                <img decoding=\"async\" class=\"lozad\" src=\"https:\/\/schneiderpen.com\/brand\/wp-content\/uploads\/schneider-icons-grau-biobasiert-1.jpg\" data-src=\"https:\/\/schneiderpen.com\/brand\/wp-content\/uploads\/schneider-icons-grau-biobasiert-1.jpg\" alt=\"\" width=\"500\" height=\"250\">\n                                            <\/div>\n                    \n                    \n                    <div class=\"item\">\n                                                <img decoding=\"async\" class=\"lozad\" src=\"https:\/\/schneiderpen.com\/brand\/wp-content\/uploads\/schneider-icons-grau-biobasiert-2.jpg\" data-src=\"https:\/\/schneiderpen.com\/brand\/wp-content\/uploads\/schneider-icons-grau-biobasiert-2.jpg\" alt=\"\" width=\"500\" height=\"250\">\n                                            <\/div>\n                                    <\/div>\n\n            <\/div>\n            <div class=\"text-wrapper \">\n                <h4>Biobasierter Kunststoff<\/h4>\n\n                <p style=\"font-weight: 400;\">Biobasierter Kunststoff stammt aus nachwachsenden Ressourcen wie zum Beispiel Zuckerrohr, Mais oder Milchs\u00e4uren aus Fermentierungsprozessen von Pflanzen. Besteht ein Schreibger\u00e4t aus diesem Material, zeigen wir das werblich-plakativ mit dem entsprechenden Icon.\u00a0<\/p>\n                \n                \n            <\/div>\n        <\/div>\n    <\/div>\n<\/section>\n\n\n\n<section class=\"opt-fullwidth opt-media-text   lazyblock-media-slider-Z2nWSku wp-block-lazyblock-media-slider\">\n    <div class=\"inner-wrapper\">\n        <div class=\"media-text-wrapper \">\n            <div class=\"media-wrapper\">\n\n                <div class=\"carousel carousel-media-slider\">\n                    \n                    \n                    <div class=\"item\">\n                                                <img decoding=\"async\" class=\"lozad\" src=\"https:\/\/schneiderpen.com\/brand\/wp-content\/uploads\/schneider-icons-grau-recycling-1.jpg\" data-src=\"https:\/\/schneiderpen.com\/brand\/wp-content\/uploads\/schneider-icons-grau-recycling-1.jpg\" alt=\"\" width=\"500\" height=\"250\">\n                                            <\/div>\n                    \n                    \n                    <div class=\"item\">\n                                                <img decoding=\"async\" class=\"lozad\" src=\"https:\/\/schneiderpen.com\/brand\/wp-content\/uploads\/schneider-icons-grau-recycling-2.jpg\" data-src=\"https:\/\/schneiderpen.com\/brand\/wp-content\/uploads\/schneider-icons-grau-recycling-2.jpg\" alt=\"\" width=\"500\" height=\"250\">\n                                            <\/div>\n                                    <\/div>\n\n            <\/div>\n            <div class=\"text-wrapper \">\n                <h4>Recyclingkunststoff<\/h4>\n\n                <p>Durch den Einsatz von Rezyklat tragen wir aktiv dazu bei, die immer knapper werdenden Rohstoff- und Energiequellen zu schonen. Wie hoch der Anteil an Recyclingkunststoff im Geh\u00e4use genau ist, weisen wir im Icon aus. Dieses ist im <a href=\"https:\/\/kundenportal.schneiderpen.com\/Application\/produkte\">Kundenportal<\/a> beim jeweiligen Produkt zu finden.\u00a0<\/p>\n                \n                \n            <\/div>\n        <\/div>\n    <\/div>\n<\/section>\n\n\n\n<section class=\"opt-fullwidth opt-slim  opt-well opt-nopadding-bot  lazyblock-headline-Z224d3o wp-block-lazyblock-headline\">\n    <div class=\"inner-wrapper\">\n\n        <div class=\"headline-copy-wrapper\">\n\n            <div class=\"headline-wrapper opt-center\">\n                <h2>Stiftspitzen und Schreibfarben<\/h2>\n                                <div class=\"copy-wrapper\">\n                    <p>Es gibt zwei verschiedene Arten, wie Details zu einem Schreibger\u00e4t wie Spitzenart, Linienst\u00e4rke oder Farbe dargestellt werden k\u00f6nnen: als fotorealistische Darstellung oder als reduziertes Icon. Wann welcher Stil gew\u00e4hlt wird, h\u00e4ngt von dem jeweiligen Einsatzzweck ab.<\/p>\n                <\/div>\n                \n                \n            <\/div>\n\n        <\/div>\n\n    <\/div>\n<\/section>\n\n\n\n<section class=\"opt-fullwidth opt-fullscreen opt-media-text    lazyblock-media-text-ZysMdB wp-block-lazyblock-media-text\">\n    <div class=\"inner-wrapper\">\n        <div class=\"media-text-wrapper \">\n            <div class=\"media-wrapper\">\n                                    <div class=\"image-wrapper\">\n                                                <img decoding=\"async\" class=\"lozad\" src=\"https:\/\/schneiderpen.com\/brand\/wp-content\/uploads\/schneider-icons-grau-spitzen-1.jpg\" data-src=\"https:\/\/schneiderpen.com\/brand\/wp-content\/uploads\/schneider-icons-grau-spitzen-1.jpg\" alt=\"\">\n                                            <\/div>\n                            <\/div>\n            <div class=\"text-wrapper \">\n                <h4>Fotorealistische Darstellung<\/h4>\n\n                <p>Hier wird immer eine Stiftspitze in Originalgr\u00f6\u00dfe in Kombination mit einem stilisierten Strich gezeigt. Diese Visualisierungen werden insbesondere auf Verpackungen oder am Point-of-Sale eingesetzt.<\/p>\n                \n                \n            <\/div>\n        <\/div>\n    <\/div>\n<\/section>\n\n\n\n<section class=\"opt-fullwidth opt-fullscreen opt-media-text    lazyblock-media-text-Z255H2F wp-block-lazyblock-media-text\">\n    <div class=\"inner-wrapper\">\n        <div class=\"media-text-wrapper \">\n            <div class=\"media-wrapper\">\n                                    <div class=\"image-wrapper\">\n                                                <img decoding=\"async\" class=\"lozad\" src=\"https:\/\/schneiderpen.com\/brand\/wp-content\/uploads\/schneider-icons-grau-spitzen-2.jpg\" data-src=\"https:\/\/schneiderpen.com\/brand\/wp-content\/uploads\/schneider-icons-grau-spitzen-2.jpg\" alt=\"\">\n                                            <\/div>\n                            <\/div>\n            <div class=\"text-wrapper \">\n                <h4>Reduzierte Darstellung<\/h4>\n\n                <p>Die Icon-Kategorie Stiftspitzen wird in den F\u00e4llen eingesetzt, wo viel Information auf wenig Raum gezeigt werden muss. Das gilt zum Beispiel f\u00fcr den Produktkatalog oder Produktbl\u00e4tter.<\/p>\n                \n                \n            <\/div>\n        <\/div>\n    <\/div>\n<\/section>\n\n\n\n<section class=\"opt-fullwidth   lazyblock-cards-1csP8h wp-block-lazyblock-cards\">\n    <div class=\"inner-wrapper\">\n\n        <div class=\"headline-wrapper\">\n        <h4>Don&#8217;ts<\/h4>\n            <\/div>\n    \n    <div class=\"cards-wrapper opt-33\">\n\n            \n                \n                <div class=\"card\">\n                                        <div class=\"card-wrapper\">\n                        <div class=\"image-wrapper\">\n                            <img decoding=\"async\" class=\"lozad\" src=\"https:\/\/schneiderpen.com\/brand\/wp-content\/uploads\/schneider-icons-donts-1.jpg\" data-src=\"https:\/\/schneiderpen.com\/brand\/wp-content\/uploads\/schneider-icons-donts-1.jpg\" alt=\"\">\n                        <\/div>\n                                                <div class=\"caption-wrapper\">\n                            <p>Das Icon wirft einen Schatten<\/p>                        <\/div>\n                                            <\/div>\n                                    <\/div>\n\n            \n                \n                <div class=\"card\">\n                                        <div class=\"card-wrapper\">\n                        <div class=\"image-wrapper\">\n                            <img decoding=\"async\" class=\"lozad\" src=\"https:\/\/schneiderpen.com\/brand\/wp-content\/uploads\/schneider-icons-donts-3.jpg\" data-src=\"https:\/\/schneiderpen.com\/brand\/wp-content\/uploads\/schneider-icons-donts-3.jpg\" alt=\"\">\n                        <\/div>\n                                                <div class=\"caption-wrapper\">\n                            <p>Das Icon wird eingef\u00e4rbt<\/p>                        <\/div>\n                                            <\/div>\n                                    <\/div>\n\n            \n                \n                <div class=\"card\">\n                                        <div class=\"card-wrapper\">\n                        <div class=\"image-wrapper\">\n                            <img decoding=\"async\" class=\"lozad\" src=\"https:\/\/schneiderpen.com\/brand\/wp-content\/uploads\/schneider-icons-donts-2.jpg\" data-src=\"https:\/\/schneiderpen.com\/brand\/wp-content\/uploads\/schneider-icons-donts-2.jpg\" alt=\"\">\n                        <\/div>\n                                                <div class=\"caption-wrapper\">\n                            <p>Das Icon wird gestaucht oder verzerrt<\/p>                        <\/div>\n                                            <\/div>\n                                    <\/div>\n\n                    <\/div>\n    <\/div>\n<\/section>\n\n\n\n\n\n<section class=\"opt-fullwidth  lazyblock-teaser-cards-small-2mfAV3 wp-block-lazyblock-teaser-cards-small\">\n    <div class=\"inner-wrapper\">\n\n                <div class=\"headline-wrapper\">\n            <h2>Deine n\u00e4chsten Schritte<\/h2>\n        <\/div>\n                \n        <div class=\"teaser-cards-small-wrapper\">\n            <div class=\"teaser-cards-small\">\n\n                \n                \n                <a href=\"https:\/\/schneiderpen.com\/brand\/basics\/schreibweisen\/\">\n                    <div class=\"caption-wrapper\">\n                        <h3>Begriffe &#038; Schreibweisen<\/h3>\n                    <\/div>\n                <\/a>\n\n                \n                \n                <a href=\"https:\/\/schneiderpen.com\/brand\/basics\/bildwelt\/\">\n                    <div class=\"caption-wrapper\">\n                        <h3>Bildwelt<\/h3>\n                    <\/div>\n                <\/a>\n\n                \n\n            <\/div>\n        <\/div>\n    <\/div>\n<\/section>\n","protected":false},"excerpt":{"rendered":"","protected":false},"author":1,"featured_media":0,"parent":9,"menu_order":9,"comment_status":"closed","ping_status":"closed","template":"","meta":{"_acf_changed":false,"_seopress_robots_primary_cat":"","_seopress_titles_title":"","_seopress_titles_desc":"","_seopress_robots_index":"","footnotes":""},"class_list":["post-411","page","type-page","status-publish","hentry"],"acf":[],"lang":"de","translations":{"de":411,"en":8646},"pll_sync_post":[],"_links":{"self":[{"href":"https:\/\/schneiderpen.com\/brand\/wp-json\/wp\/v2\/pages\/411","targetHints":{"allow":["GET"]}}],"collection":[{"href":"https:\/\/schneiderpen.com\/brand\/wp-json\/wp\/v2\/pages"}],"about":[{"href":"https:\/\/schneiderpen.com\/brand\/wp-json\/wp\/v2\/types\/page"}],"author":[{"embeddable":true,"href":"https:\/\/schneiderpen.com\/brand\/wp-json\/wp\/v2\/users\/1"}],"replies":[{"embeddable":true,"href":"https:\/\/schneiderpen.com\/brand\/wp-json\/wp\/v2\/comments?post=411"}],"version-history":[{"count":172,"href":"https:\/\/schneiderpen.com\/brand\/wp-json\/wp\/v2\/pages\/411\/revisions"}],"predecessor-version":[{"id":10495,"href":"https:\/\/schneiderpen.com\/brand\/wp-json\/wp\/v2\/pages\/411\/revisions\/10495"}],"up":[{"embeddable":true,"href":"https:\/\/schneiderpen.com\/brand\/wp-json\/wp\/v2\/pages\/9"}],"wp:attachment":[{"href":"https:\/\/schneiderpen.com\/brand\/wp-json\/wp\/v2\/media?parent=411"}],"curies":[{"name":"wp","href":"https:\/\/api.w.org\/{rel}","templated":true}]}}