{"id":5356,"date":"2025-03-04T12:09:10","date_gmt":"2025-03-04T11:09:10","guid":{"rendered":"https:\/\/schneiderpen.com\/brand\/?page_id=5356"},"modified":"2026-01-13T21:25:26","modified_gmt":"2026-01-13T20:25:26","slug":"made-in-germany","status":"publish","type":"page","link":"https:\/\/schneiderpen.com\/brand\/basics\/made-in-germany\/","title":{"rendered":"Made in Germany"},"content":{"rendered":"\n<section class=\"opt-fullwidth opt-primary opt-well opt-invert opt-nopadding-bot lazyblock-intro-22xMff opt-nopadding-bot wp-block-lazyblock-intro\">\n    <div class=\"inner-wrapper\">\n        <div class=\"intro-wrapper\">\n            <div class=\"headline-wrapper\">\n                <h1>Made in Germany<\/h1>\n            <\/div>\n            <div class=\"copy-wrapper\">\n                <p>Wir entwickeln und produzieren unsere Schreibger\u00e4te ausschlie\u00dflich in Deutschland. Darauf sind wir sehr stolz und zeigen das weithin sichtbar mit unserer klaren Positionierung zu \u201eMade in Germany\u201c.<\/p>\n                \n            <\/div>\n        <\/div>\n    <\/div>\n<\/section>\n\n\n\n<section class=\"opt-fullwidth opt-primary opt-well opt-nopadding lazyblock-cards-Z2f7Im9 opt-nopadding wp-block-lazyblock-cards\">\n    <div class=\"inner-wrapper\">\n\n    \n    <div class=\"cards-wrapper opt-50\">\n\n            \n                \n                <div class=\"card\">\n                                        <div class=\"card-wrapper\">\n                        <div class=\"image-wrapper\">\n                            <img decoding=\"async\" class=\"lozad\" src=\"https:\/\/schneiderpen.com\/brand\/wp-content\/uploads\/schneider-made-in-germany-without-flag.svg\" data-src=\"https:\/\/schneiderpen.com\/brand\/wp-content\/uploads\/schneider-made-in-germany-without-flag.svg\" alt=\"\">\n                        <\/div>\n                                                <div class=\"caption-wrapper\">\n                            <p style=\"font-weight: 400;\"><strong>Made in Germany Signet \u2013 Classic<\/strong><\/p>\n<p style=\"font-weight: 400;\">Wir produzieren im Schwarzwald und im Harz. Diese Wurzeln sind fester Bestandteil unserer Unternehmensphilosophie, auf die wir in der gesamten Markenkommunikation mit unserem Classic-Signet verweisen.<\/p>                        <\/div>\n                                            <\/div>\n                                    <\/div>\n\n            \n                \n                <div class=\"card\">\n                                        <div class=\"card-wrapper\">\n                        <div class=\"image-wrapper\">\n                            <img decoding=\"async\" class=\"lozad\" src=\"https:\/\/schneiderpen.com\/brand\/wp-content\/uploads\/schneider-made-in-germany-flag.svg\" data-src=\"https:\/\/schneiderpen.com\/brand\/wp-content\/uploads\/schneider-made-in-germany-flag.svg\" alt=\"\">\n                        <\/div>\n                                                <div class=\"caption-wrapper\">\n                            <p style=\"font-weight: 400;\"><strong>Made in Germany Signet \u2013 Sales<\/strong><\/p>\n<p style=\"font-weight: 400;\">M\u00f6chten wir auf Messen oder am Point of Sale unsere Produktion in Deutschland als \u00fcberzeugendes Verkaufsargument betonen, wird das aufmerksamkeitsstarke Sales-Signet mit der Flagge Deutschlands verwendet.<\/p>                        <\/div>\n                                            <\/div>\n                                    <\/div>\n\n                    <\/div>\n    <\/div>\n<\/section>\n\n\n\n\n<section class=\"opt-fullwidth opt-slim opt-secondary  opt-well opt-nopadding-bot opt-nopadding-bot lazyblock-headline-ZwCboN opt-nopadding-bot wp-block-lazyblock-headline\">\n    <div class=\"inner-wrapper\">\n\n        <div class=\"headline-copy-wrapper\">\n\n            <div class=\"headline-wrapper opt-center\">\n                <h2>Gr\u00f6\u00dfe und Position<\/h2>\n                                <div class=\"copy-wrapper\">\n                    <p>Die H\u00f6he des Signets entspricht der halben H\u00f6he des\u00a0Logo-Badges. Das Signet wird vertikal zentriert am\u00a0Logo-Badge\u00a0ausgerichtet und immer am gegen\u00fcberliegenden Seitenrand positioniert.<\/p>\n                <\/div>\n                \n                \n            <\/div>\n\n        <\/div>\n\n    <\/div>\n<\/section>\n\n\n\n<section class=\"opt-fullwidth opt-slim opt-secondary opt-well opt-nopadding-top opt-nopadding-bot lazyblock-media-single-2vev6e opt-nopadding-top opt-nopadding-bot wp-block-lazyblock-media-single\">\n    <div class=\"inner-wrapper\">\n\n        \n        <div class=\"media-single-wrapper\">\n\n                            \n<div class=\"opt-video\">\n    <div class=\"video-wrapper opt-selfhosted opt-autoplay is-play\">\n        <div class=\"video-control\"><\/div>\n        <video muted playsinline autoplay loop  aria-label=\"video\">\n            <source src=\"https:\/\/schneiderpen.com\/brand\/wp-content\/uploads\/schneider-made-in-germany-postionierung-querformat.mp4\" type=\"video\/mp4\">\n            Your browser does not support the video tag.\n        <\/video>\n    <\/div>\n<\/div>\n            \n            \n        <\/div>\n    <\/div>\n<\/section>\n\n\n\n<section class=\"opt-fullwidth opt-secondary opt-well opt-nopadding-top lazyblock-cards-Z1v237W opt-nopadding-top wp-block-lazyblock-cards\">\n    <div class=\"inner-wrapper\">\n\n    \n    <div class=\"cards-wrapper opt-33\">\n\n            \n                \n                <div class=\"card\">\n                                        <div class=\"card-wrapper\">\n                        <div class=\"image-wrapper\">\n                            <img decoding=\"async\" class=\"lozad\" src=\"https:\/\/schneiderpen.com\/brand\/wp-content\/uploads\/schneider-made-in-germany-position-sonderfall1.svg\" data-src=\"https:\/\/schneiderpen.com\/brand\/wp-content\/uploads\/schneider-made-in-germany-position-sonderfall1.svg\" alt=\"\">\n                        <\/div>\n                                                <div class=\"caption-wrapper\">\n                            <p style=\"font-weight: 400;\"><strong>Sonderfall: wenig Platz<\/strong><\/p>\n<p style=\"font-weight: 400;\">Ist die zur Verf\u00fcgung stehende Fl\u00e4che sehr klein (z. B. bei einer Verpackung), kann das Signet unter das Logo-Badge gesetzt werden. Es wird rechts an der Bildmarke ausgerichtet.<\/p>                        <\/div>\n                                            <\/div>\n                                    <\/div>\n\n            \n                \n                <div class=\"card\">\n                                        <div class=\"card-wrapper\">\n                        <div class=\"image-wrapper\">\n                            <img decoding=\"async\" class=\"lozad\" src=\"https:\/\/schneiderpen.com\/brand\/wp-content\/uploads\/schneider-made-in-germany-position-sonderfall3.svg\" data-src=\"https:\/\/schneiderpen.com\/brand\/wp-content\/uploads\/schneider-made-in-germany-position-sonderfall3.svg\" alt=\"\">\n                        <\/div>\n                                                <div class=\"caption-wrapper\">\n                            <p style=\"font-weight: 400;\"><strong>Sonderfall: extremes Hochformat<\/strong><\/p>\n<p style=\"font-weight: 400;\">Wenn das Signet bei einem sehr schmalen Hochformat (z. B. einem Roll-up) nicht neben dem Logo-Badge stehen kann, l\u00f6st es sich davon und rutscht im Format nach unten.<\/p>                        <\/div>\n                                            <\/div>\n                                    <\/div>\n\n            \n                \n                <div class=\"card\">\n                                        <div class=\"card-wrapper\">\n                        <div class=\"image-wrapper\">\n                            <img decoding=\"async\" class=\"lozad\" src=\"https:\/\/schneiderpen.com\/brand\/wp-content\/uploads\/schneider-made-in-germany-position-sonderfall2.svg\" data-src=\"https:\/\/schneiderpen.com\/brand\/wp-content\/uploads\/schneider-made-in-germany-position-sonderfall2.svg\" alt=\"\">\n                        <\/div>\n                                                <div class=\"caption-wrapper\">\n                            <p style=\"font-weight: 400;\"><strong>Sonderfall: extremes Querformat<\/strong><\/p>\n<p style=\"font-weight: 400;\">Wird bei einem extremen Querformat (z. B. ein Onlinebanner) der linke Bildrand bereits von wichtigen Kommunikationselementen besetzt, so darf das Signet horizontal wandern.<\/p>                        <\/div>\n                                            <\/div>\n                                    <\/div>\n\n                    <\/div>\n    <\/div>\n<\/section>\n\n\n\n\n<section class=\"opt-fullwidth   opt-well opt-nopadding-bot  lazyblock-headline-1nMnUf wp-block-lazyblock-headline\">\n    <div class=\"inner-wrapper\">\n\n        <div class=\"headline-copy-wrapper\">\n\n            <div class=\"headline-wrapper opt-center\">\n                <h2>Zwei Signets \u2013 maximale Flexibilit\u00e4t<\/h2>\n                                <div class=\"copy-wrapper\">\n                    <p>Es gibt grunds\u00e4tzliche zwei Ausf\u00fchrungen des Signets: die Classic-Version und die Sales-Version mit der\u00a0Flagge\u00a0Deutschlands. Je nach optischer Beschaffenheit des Untergrunds kann die Classic-Version f\u00fcr einen optimalen Kontrast in Schwarz oder Wei\u00df gew\u00e4hlt werden. Die Sales-Version steht auf farbigem Untergrund immer konturlos auf Wei\u00df. Soll die Sales-Version auf wei\u00dfer Fl\u00e4che stehen, so ist die Form des Signets durch eine schwarze Kontur definiert.<\/p>\n                <\/div>\n                \n                \n            <\/div>\n\n        <\/div>\n\n    <\/div>\n<\/section>\n\n\n\n<section class=\"opt-fullwidth opt-slim  opt-nopadding-bot lazyblock-media-single-ZodjiM opt-nopadding-bot wp-block-lazyblock-media-single\">\n    <div class=\"inner-wrapper\">\n\n        \n        <div class=\"media-single-wrapper\">\n\n                            <div class=\"image-wrapper\">\n                                            <img decoding=\"async\" class=\"lozad\" src=\"https:\/\/schneiderpen.com\/brand\/wp-content\/uploads\/schneider-made-in-germany-farben.jpg\" data-src=\"https:\/\/schneiderpen.com\/brand\/wp-content\/uploads\/schneider-made-in-germany-farben.jpg\" alt=\"\">\n                                    <\/div>\n            \n            \n        <\/div>\n    <\/div>\n<\/section>\n\n\n\n<section class=\"opt-fullwidth   opt-well opt-nopadding-bot  lazyblock-headline-Z18uycD wp-block-lazyblock-headline\">\n    <div class=\"inner-wrapper\">\n\n        <div class=\"headline-copy-wrapper\">\n\n            <div class=\"headline-wrapper \">\n                <h2>Downloads<\/h2>\n                \n                \n            <\/div>\n\n        <\/div>\n\n    <\/div>\n<\/section>\n\n\n\n\n<section class=\"opt-fullwidth opt-nopadding   lazyblock-downloads-ZKOSrG wp-block-lazyblock-downloads\">\n    <div class=\"inner-wrapper\">\n\n        <div class=\"downloads-wrapper\">\n\n            <div class=\"download-headline-wrapper\">\n                <h4>Made in Germany Signet \u2013 Classic<\/h4>\n            <\/div>\n            <div class=\"download-content-wrapper\">\n                <div class=\"download-content\">\n\n                    \n                    \n                    <div class=\"download-row  \">\n                        <span>\n                            <div class=\"image-wrapper\">\n                                <img decoding=\"async\" class=\"lozad\" src=\"https:\/\/schneiderpen.com\/brand\/wp-content\/uploads\/schneider-mig-datei_1.svg\" data-src=\"https:\/\/schneiderpen.com\/brand\/wp-content\/uploads\/schneider-mig-datei_1.svg\" alt=\"schneider_mig_black\">                            <\/div>\n                            <div class=\"item-desc\">schneider_mig_black<\/div>\n                        <\/span>\n                        <span><a href=\"https:\/\/schneiderpen.com\/brand\/wp-content\/uploads\/schneider_mig_black_PNG.zip\" target=\"_blank\">.png<\/a><\/span>                        <span><a href=\"https:\/\/schneiderpen.com\/brand\/wp-content\/uploads\/schneider_mig_black_SVG.zip\" target=\"_blank\">.svg<\/a><\/span>                        <span><a href=\"https:\/\/schneiderpen.com\/brand\/wp-content\/uploads\/schneider_mig_black_EPS.zip\" target=\"_blank\">.eps<\/a><\/span>                                                                                                                                                    <span><\/span>\n                                                <span><a href=\"https:\/\/schneiderpen.com\/brand\/wp-content\/uploads\/schneider_mig_black.zip\" target=\"_blank\">Alle Formate<\/a><\/span>                    <\/div>\n                    \n                    \n                    <div class=\"download-row  \">\n                        <span>\n                            <div class=\"image-wrapper\">\n                                <img decoding=\"async\" class=\"lozad\" src=\"https:\/\/schneiderpen.com\/brand\/wp-content\/uploads\/schneider-mig-datei_2.svg\" data-src=\"https:\/\/schneiderpen.com\/brand\/wp-content\/uploads\/schneider-mig-datei_2.svg\" alt=\"schneider_mig_white\">                            <\/div>\n                            <div class=\"item-desc\">schneider_mig_white<\/div>\n                        <\/span>\n                        <span><a href=\"https:\/\/schneiderpen.com\/brand\/wp-content\/uploads\/schneider_mig_white_PNG.zip\" target=\"_blank\">.png<\/a><\/span>                        <span><a href=\"https:\/\/schneiderpen.com\/brand\/wp-content\/uploads\/schneider_mig_white_SVG.zip\" target=\"_blank\">.svg<\/a><\/span>                        <span><a href=\"https:\/\/schneiderpen.com\/brand\/wp-content\/uploads\/schneider_mig_white_EPS.zip\" target=\"_blank\">.eps<\/a><\/span>                                                                                                                                                    <span><\/span>\n                                                <span><a href=\"https:\/\/schneiderpen.com\/brand\/wp-content\/uploads\/schneider_mig_white.zip\" target=\"_blank\">Alle Formate<\/a><\/span>                    <\/div>\n                    \n                <\/div>\n            <\/div>\n\n        <\/div>\n    <\/div>\n<\/section>\n\n\n\n\n<section class=\"opt-fullwidth opt-nopadding opt-padding-bot  lazyblock-downloads-1uOpgH wp-block-lazyblock-downloads\">\n    <div class=\"inner-wrapper\">\n\n        <div class=\"downloads-wrapper\">\n\n            <div class=\"download-headline-wrapper\">\n                <h4>Made in Germany Signet \u2013 Sales<\/h4>\n            <\/div>\n            <div class=\"download-content-wrapper\">\n                <div class=\"download-content\">\n\n                    \n                    \n                    <div class=\"download-row  \">\n                        <span>\n                            <div class=\"image-wrapper\">\n                                <img decoding=\"async\" class=\"lozad\" src=\"https:\/\/schneiderpen.com\/brand\/wp-content\/uploads\/schneider-mig-datei_3.svg\" data-src=\"https:\/\/schneiderpen.com\/brand\/wp-content\/uploads\/schneider-mig-datei_3.svg\" alt=\"schneider_mig_flag_black\">                            <\/div>\n                            <div class=\"item-desc\">schneider_mig_flag_black<\/div>\n                        <\/span>\n                        <span><a href=\"https:\/\/schneiderpen.com\/brand\/wp-content\/uploads\/schneider_mig_flag_black_PNG.zip\" target=\"_blank\">.png<\/a><\/span>                        <span><a href=\"https:\/\/schneiderpen.com\/brand\/wp-content\/uploads\/schneider_mig_flag_black_SVG.zip\" target=\"_blank\">.svg<\/a><\/span>                        <span><a href=\"https:\/\/schneiderpen.com\/brand\/wp-content\/uploads\/schneider_mig_flag_black_EPS.zip\" target=\"_blank\">.eps<\/a><\/span>                                                                                                                                                    <span><\/span>\n                                                <span><a href=\"https:\/\/schneiderpen.com\/brand\/wp-content\/uploads\/schneider_mig_flag_black.zip\" target=\"_blank\">Alle Formate<\/a><\/span>                    <\/div>\n                    \n                    \n                    <div class=\"download-row  \">\n                        <span>\n                            <div class=\"image-wrapper\">\n                                <img decoding=\"async\" class=\"lozad\" src=\"https:\/\/schneiderpen.com\/brand\/wp-content\/uploads\/schneider-mig-datei_4.svg\" data-src=\"https:\/\/schneiderpen.com\/brand\/wp-content\/uploads\/schneider-mig-datei_4.svg\" alt=\"schneider_mig_flag_white\">                            <\/div>\n                            <div class=\"item-desc\">schneider_mig_flag_white<\/div>\n                        <\/span>\n                        <span><a href=\"https:\/\/schneiderpen.com\/brand\/wp-content\/uploads\/schneider_mig_flag_white_PNG.zip\" target=\"_blank\">.png<\/a><\/span>                        <span><a href=\"https:\/\/schneiderpen.com\/brand\/wp-content\/uploads\/schneider_mig_flag_white_SVG.zip\" target=\"_blank\">.svg<\/a><\/span>                        <span><a href=\"https:\/\/schneiderpen.com\/brand\/wp-content\/uploads\/schneider_mig_flag_white_EPS.zip\" target=\"_blank\">.eps<\/a><\/span>                                                                                                                                                    <span><\/span>\n                                                <span><a href=\"https:\/\/schneiderpen.com\/brand\/wp-content\/uploads\/schneider_mig_flag_white.zip\" target=\"_blank\">Alle Formate<\/a><\/span>                    <\/div>\n                    \n                <\/div>\n            <\/div>\n\n        <\/div>\n    <\/div>\n<\/section>\n\n\n\n\n<section class=\"opt-fullwidth  lazyblock-teaser-cards-small-ZLz9yH wp-block-lazyblock-teaser-cards-small\">\n    <div class=\"inner-wrapper\">\n\n                <div class=\"headline-wrapper\">\n            <h2>Deine n\u00e4chsten Schritte<\/h2>\n        <\/div>\n                \n        <div class=\"teaser-cards-small-wrapper\">\n            <div class=\"teaser-cards-small\">\n\n                \n                \n                <a href=\"https:\/\/schneiderpen.com\/brand\/basics\/area-flag\/\">\n                    <div class=\"caption-wrapper\">\n                        <h3>Area Flag<\/h3>\n                    <\/div>\n                <\/a>\n\n                \n                \n                <a href=\"https:\/\/schneiderpen.com\/brand\/basics\/farben\/\">\n                    <div class=\"caption-wrapper\">\n                        <h3>Farben<\/h3>\n                    <\/div>\n                <\/a>\n\n                \n                \n                <a href=\"https:\/\/schneiderpen.com\/brand\/basics\/typografie\/\">\n                    <div class=\"caption-wrapper\">\n                        <h3>Typografie<\/h3>\n                    <\/div>\n                <\/a>\n\n                \n\n            <\/div>\n        <\/div>\n    <\/div>\n<\/section>\n","protected":false},"excerpt":{"rendered":"","protected":false},"author":1,"featured_media":0,"parent":9,"menu_order":3,"comment_status":"closed","ping_status":"closed","template":"","meta":{"_acf_changed":false,"_seopress_robots_primary_cat":"","_seopress_titles_title":"","_seopress_titles_desc":"","_seopress_robots_index":"","footnotes":""},"class_list":["post-5356","page","type-page","status-publish","hentry"],"acf":[],"lang":"de","translations":{"de":5356,"en":7326},"pll_sync_post":[],"_links":{"self":[{"href":"https:\/\/schneiderpen.com\/brand\/wp-json\/wp\/v2\/pages\/5356","targetHints":{"allow":["GET"]}}],"collection":[{"href":"https:\/\/schneiderpen.com\/brand\/wp-json\/wp\/v2\/pages"}],"about":[{"href":"https:\/\/schneiderpen.com\/brand\/wp-json\/wp\/v2\/types\/page"}],"author":[{"embeddable":true,"href":"https:\/\/schneiderpen.com\/brand\/wp-json\/wp\/v2\/users\/1"}],"replies":[{"embeddable":true,"href":"https:\/\/schneiderpen.com\/brand\/wp-json\/wp\/v2\/comments?post=5356"}],"version-history":[{"count":92,"href":"https:\/\/schneiderpen.com\/brand\/wp-json\/wp\/v2\/pages\/5356\/revisions"}],"predecessor-version":[{"id":11277,"href":"https:\/\/schneiderpen.com\/brand\/wp-json\/wp\/v2\/pages\/5356\/revisions\/11277"}],"up":[{"embeddable":true,"href":"https:\/\/schneiderpen.com\/brand\/wp-json\/wp\/v2\/pages\/9"}],"wp:attachment":[{"href":"https:\/\/schneiderpen.com\/brand\/wp-json\/wp\/v2\/media?parent=5356"}],"curies":[{"name":"wp","href":"https:\/\/api.w.org\/{rel}","templated":true}]}}