{"id":5359,"date":"2025-03-04T12:09:35","date_gmt":"2025-03-04T11:09:35","guid":{"rendered":"https:\/\/schneiderpen.com\/brand\/?page_id=5359"},"modified":"2025-10-02T10:07:26","modified_gmt":"2025-10-02T08:07:26","slug":"area-flag","status":"publish","type":"page","link":"https:\/\/schneiderpen.com\/brand\/basics\/area-flag\/","title":{"rendered":"Area Flag"},"content":{"rendered":"\n<section class=\"opt-fullwidth  opt-well  opt-nopadding-bot lazyblock-intro-5YJgJ opt-nopadding-bot wp-block-lazyblock-intro\">\n    <div class=\"inner-wrapper\">\n        <div class=\"intro-wrapper\">\n            <div class=\"headline-wrapper\">\n                <h1>Area Flag<\/h1>\n            <\/div>\n            <div class=\"copy-wrapper\">\n                <p>Schneider Write, Schneider Create und Schneider Promote: Zu welchem Produktbereich eine Publikation geh\u00f6rt, kennzeichnen wir mit der Area Flag.<\/p>\n                \n            <\/div>\n        <\/div>\n    <\/div>\n<\/section>\n\n\n\n<section class=\"opt-fullwidth opt-fullscreen opt-media-text  opt-switch  lazyblock-media-text-28J7QF wp-block-lazyblock-media-text\">\n    <div class=\"inner-wrapper\">\n        <div class=\"media-text-wrapper opt-switch\">\n            <div class=\"media-wrapper\">\n                                    \n<div class=\"opt-video\">\n    <div class=\"video-wrapper opt-selfhosted opt-autoplay is-play\">\n        <div class=\"video-control\"><\/div>\n        <video muted playsinline autoplay loop  aria-label=\"video\">\n            <source src=\"https:\/\/schneiderpen.com\/brand\/wp-content\/uploads\/schneider-areaflag-system.mp4\" type=\"video\/mp4\">\n            Your browser does not support the video tag.\n        <\/video>\n    <\/div>\n<\/div>\n                            <\/div>\n            <div class=\"text-wrapper \">\n                <h4>Aufbau und Struktur<\/h4>\n\n                <p style=\"font-weight: 400;\">Die drei Produktbereiche Write, Create und Promote stehen rechtsb\u00fcndig untereinander. Die Bereiche des Sortiments, die im Fokus der Kommunikation stehen, werden in Bold gesetzt. Die anderen Bereiche treten durch den Regular-Schnitt und eine Transparenz visuell in den Hintergrund.<\/p>\n                \n                \n            <\/div>\n        <\/div>\n    <\/div>\n<\/section>\n\n\n\n<section class=\"opt-fullwidth opt-slim  opt-well opt-nopadding-bot  lazyblock-headline-13rct3 wp-block-lazyblock-headline\">\n    <div class=\"inner-wrapper\">\n\n        <div class=\"headline-copy-wrapper\">\n\n            <div class=\"headline-wrapper opt-center\">\n                <h2>Anwendung und Position<\/h2>\n                                <div class=\"copy-wrapper\">\n                    <p>Die Area Flag wird \u00fcberwiegend bei Printpublikationen eingesetzt, zum Beispiel auf dem Cover von Produktkatalogen oder Brosch\u00fcren. Sie wird rechts unterhalb des Logo-Badges platziert und am rechten Rand der Bildmarke ausgerichtet.<\/p>\n                <\/div>\n                \n                \n            <\/div>\n\n        <\/div>\n\n    <\/div>\n<\/section>\n\n\n\n<section class=\"opt-fullwidth opt-slim   lazyblock-media-single-12Db2b wp-block-lazyblock-media-single\">\n    <div class=\"inner-wrapper\">\n\n        \n        <div class=\"media-single-wrapper\">\n\n                            <div class=\"image-wrapper\">\n                                            <img decoding=\"async\" class=\"lozad\" src=\"https:\/\/schneiderpen.com\/brand\/wp-content\/uploads\/schneider-areaflag-cover-scaled.jpg\" data-src=\"https:\/\/schneiderpen.com\/brand\/wp-content\/uploads\/schneider-areaflag-cover-scaled.jpg\" alt=\"\">\n                                    <\/div>\n            \n            \n        <\/div>\n    <\/div>\n<\/section>\n\n\n\n<section class=\"opt-fullwidth opt-fullscreen opt-media-text    lazyblock-media-text-mJaDm wp-block-lazyblock-media-text\">\n    <div class=\"inner-wrapper\">\n        <div class=\"media-text-wrapper \">\n            <div class=\"media-wrapper\">\n                                    <div class=\"image-wrapper\">\n                                                <img decoding=\"async\" class=\"lozad\" src=\"https:\/\/schneiderpen.com\/brand\/wp-content\/uploads\/schneider-areaflag-abstaende.svg\" data-src=\"https:\/\/schneiderpen.com\/brand\/wp-content\/uploads\/schneider-areaflag-abstaende.svg\" alt=\"\">\n                                            <\/div>\n                            <\/div>\n            <div class=\"text-wrapper \">\n                <h4>Abst\u00e4nde und Konstruktion<\/h4>\n\n                <p style=\"font-weight: 400;\">Der Abstand zwischen Area Flag und Logo-Badge ist fest definiert: Er betr\u00e4gt eine halbe H\u00f6he des Logo-Badges. Der rechte Rand der Bildmarke bestimmt die Positionierung der Area Flag. F\u00fcr Anwendungen im DIN-A4-Format ist die Schriftgr\u00f6\u00dfe 12,5 pt festgelegt, f\u00fcr DIN-A5-Formate 10 pt. Der Zeilenabstand betr\u00e4gt eine Versalh\u00f6he. Tipp: Im Download-Bereich findest du verschiedene Musterdateien, in denen alle Elemente bereits CI-konform angelegt sind.<\/p>\n                \n                \n            <\/div>\n        <\/div>\n    <\/div>\n<\/section>\n\n\n\n<section class=\"opt-fullwidth   lazyblock-cards-bM6Wf wp-block-lazyblock-cards\">\n    <div class=\"inner-wrapper\">\n\n        <div class=\"headline-wrapper\">\n        <h4>Farbe und Transparenz<\/h4>\n            <\/div>\n    \n    <div class=\"cards-wrapper opt-50\">\n\n            \n                \n                <div class=\"card\">\n                                        <div class=\"card-wrapper\">\n                        <div class=\"image-wrapper\">\n                            <img decoding=\"async\" class=\"lozad\" src=\"https:\/\/schneiderpen.com\/brand\/wp-content\/uploads\/schneider-areaflag-hell.jpg\" data-src=\"https:\/\/schneiderpen.com\/brand\/wp-content\/uploads\/schneider-areaflag-hell.jpg\" alt=\"\">\n                        <\/div>\n                                                <div class=\"caption-wrapper\">\n                            <p><strong>Heller Untergrund<\/strong><\/p>\n<p style=\"font-weight: 400;\">Wenn der Untergrund eher hell ist, wird die Area Flag in Heritage Blue gesetzt. Die Transparenz der Texte kann zwischen 30 % und 50 % variieren.<\/p>                        <\/div>\n                                            <\/div>\n                                    <\/div>\n\n            \n                \n                <div class=\"card\">\n                                        <div class=\"card-wrapper\">\n                        <div class=\"image-wrapper\">\n                            <img decoding=\"async\" class=\"lozad\" src=\"https:\/\/schneiderpen.com\/brand\/wp-content\/uploads\/schneider-areaflag-dunkel.jpg\" data-src=\"https:\/\/schneiderpen.com\/brand\/wp-content\/uploads\/schneider-areaflag-dunkel.jpg\" alt=\"\">\n                        <\/div>\n                                                <div class=\"caption-wrapper\">\n                            <p><strong>Dunkler Untergrund<\/strong><\/p>\n<p style=\"font-weight: 400;\">Im Falle eines dunkleren Untergrunds wird die Area Flag in Wei\u00df gesetzt. Die Transparenz der Texte kann auch hier zwischen 30 % und 50 % variieren.<\/p>                        <\/div>\n                                            <\/div>\n                                    <\/div>\n\n                    <\/div>\n    <\/div>\n<\/section>\n\n\n\n\n<section class=\"opt-fullwidth   lazyblock-cards-difGC wp-block-lazyblock-cards\">\n    <div class=\"inner-wrapper\">\n\n        <div class=\"headline-wrapper\">\n        <h4>Don&#8217;ts<\/h4>\n            <\/div>\n    \n    <div class=\"cards-wrapper opt-33\">\n\n            \n                \n                <div class=\"card\">\n                                        <div class=\"card-wrapper\">\n                        <div class=\"image-wrapper\">\n                            <img decoding=\"async\" class=\"lozad\" src=\"https:\/\/schneiderpen.com\/brand\/wp-content\/uploads\/schneider-areaflag-dont-s-1.svg\" data-src=\"https:\/\/schneiderpen.com\/brand\/wp-content\/uploads\/schneider-areaflag-dont-s-1.svg\" alt=\"\">\n                        <\/div>\n                                                <div class=\"caption-wrapper\">\n                            <p>Verwendung anderer Farben<\/p>                        <\/div>\n                                            <\/div>\n                                    <\/div>\n\n            \n                \n                <div class=\"card\">\n                                        <div class=\"card-wrapper\">\n                        <div class=\"image-wrapper\">\n                            <img decoding=\"async\" class=\"lozad\" src=\"https:\/\/schneiderpen.com\/brand\/wp-content\/uploads\/schneider-areaflag-dont-s-2.svg\" data-src=\"https:\/\/schneiderpen.com\/brand\/wp-content\/uploads\/schneider-areaflag-dont-s-2.svg\" alt=\"\">\n                        <\/div>\n                                                <div class=\"caption-wrapper\">\n                            <p>Unterschiedliche Schriftgr\u00f6\u00dfen<\/p>                        <\/div>\n                                            <\/div>\n                                    <\/div>\n\n            \n                \n                <div class=\"card\">\n                                        <div class=\"card-wrapper\">\n                        <div class=\"image-wrapper\">\n                            <img decoding=\"async\" class=\"lozad\" src=\"https:\/\/schneiderpen.com\/brand\/wp-content\/uploads\/schneider-areaflag-dont-s-3.svg\" data-src=\"https:\/\/schneiderpen.com\/brand\/wp-content\/uploads\/schneider-areaflag-dont-s-3.svg\" alt=\"\">\n                        <\/div>\n                                                <div class=\"caption-wrapper\">\n                            <p>Falsche Schriftschnitte<\/p>                        <\/div>\n                                            <\/div>\n                                    <\/div>\n\n                    <\/div>\n    <\/div>\n<\/section>\n\n\n\n\n<section class=\"opt-fullwidth   opt-well opt-nopadding-bot  lazyblock-headline-ZKuhoE wp-block-lazyblock-headline\">\n    <div class=\"inner-wrapper\">\n\n        <div class=\"headline-copy-wrapper\">\n\n            <div class=\"headline-wrapper \">\n                <h2>Downloads<\/h2>\n                \n                \n            <\/div>\n\n        <\/div>\n\n    <\/div>\n<\/section>\n\n\n\n\n<section class=\"opt-fullwidth opt-nopadding   lazyblock-downloads-Z1sMo5m wp-block-lazyblock-downloads\">\n    <div class=\"inner-wrapper\">\n\n        <div class=\"downloads-wrapper\">\n\n            <div class=\"download-headline-wrapper\">\n                <h4>DIN A4 Templates<\/h4>\n            <\/div>\n            <div class=\"download-content-wrapper\">\n                <div class=\"download-content\">\n\n                    \n                    \n                    <div class=\"download-row opt-left \">\n                        <span>\n                            <div class=\"image-wrapper\">\n                                <img decoding=\"async\" class=\"lozad\" src=\"https:\/\/schneiderpen.com\/brand\/wp-content\/uploads\/schneider-areaflag-downloads-1.jpg\" data-src=\"https:\/\/schneiderpen.com\/brand\/wp-content\/uploads\/schneider-areaflag-downloads-1.jpg\" alt=\"DIN A4 Write\">                            <\/div>\n                            <div class=\"item-desc\">DIN A4 Write<\/div>\n                        <\/span>\n                                                                                                                                                <span><a href=\"https:\/\/schneiderpen.com\/brand\/wp-content\/uploads\/sch_cover_template_write_dina4.zip\" target=\"_blank\">.indd<\/a><\/span>                                                                            <span><\/span>\n                                                                    <\/div>\n                    \n                    \n                    <div class=\"download-row opt-left \">\n                        <span>\n                            <div class=\"image-wrapper\">\n                                <img decoding=\"async\" class=\"lozad\" src=\"https:\/\/schneiderpen.com\/brand\/wp-content\/uploads\/schneider-areaflag-downloads-2.jpg\" data-src=\"https:\/\/schneiderpen.com\/brand\/wp-content\/uploads\/schneider-areaflag-downloads-2.jpg\" alt=\"DIN A4 Create\">                            <\/div>\n                            <div class=\"item-desc\">DIN A4 Create<\/div>\n                        <\/span>\n                                                                                                                                                <span><a href=\"https:\/\/schneiderpen.com\/brand\/wp-content\/uploads\/sch_cover_template_create_dina4.zip\" target=\"_blank\">.indd<\/a><\/span>                                                                            <span><\/span>\n                                                                    <\/div>\n                    \n                    \n                    <div class=\"download-row opt-left \">\n                        <span>\n                            <div class=\"image-wrapper\">\n                                <img decoding=\"async\" class=\"lozad\" src=\"https:\/\/schneiderpen.com\/brand\/wp-content\/uploads\/schneider-areaflag-downloads-3.jpg\" data-src=\"https:\/\/schneiderpen.com\/brand\/wp-content\/uploads\/schneider-areaflag-downloads-3.jpg\" alt=\"DIN A4 Promote\">                            <\/div>\n                            <div class=\"item-desc\">DIN A4 Promote<\/div>\n                        <\/span>\n                                                                                                                                                <span><a href=\"https:\/\/schneiderpen.com\/brand\/wp-content\/uploads\/sch_cover_template_promote_dina4.zip\" target=\"_blank\">.indd<\/a><\/span>                                                                            <span><\/span>\n                                                                    <\/div>\n                    \n                    \n                    <div class=\"download-row opt-left \">\n                        <span>\n                            <div class=\"image-wrapper\">\n                                <img decoding=\"async\" class=\"lozad\" src=\"https:\/\/schneiderpen.com\/brand\/wp-content\/uploads\/schneider-areaflag-downloads-4.jpg\" data-src=\"https:\/\/schneiderpen.com\/brand\/wp-content\/uploads\/schneider-areaflag-downloads-4.jpg\" alt=\"DIN A4 Write und Create\">                            <\/div>\n                            <div class=\"item-desc\">DIN A4 Write und Create<\/div>\n                        <\/span>\n                                                                                                                                                <span><a href=\"https:\/\/schneiderpen.com\/brand\/wp-content\/uploads\/sch_cover_template_write_create_dina4.zip\" target=\"_blank\">.indd<\/a><\/span>                                                                            <span><\/span>\n                                                                    <\/div>\n                    \n                <\/div>\n            <\/div>\n\n        <\/div>\n    <\/div>\n<\/section>\n\n\n\n\n<section class=\"opt-fullwidth opt-nopadding opt-padding-bot  lazyblock-downloads-13p9sQ wp-block-lazyblock-downloads\">\n    <div class=\"inner-wrapper\">\n\n        <div class=\"downloads-wrapper\">\n\n            <div class=\"download-headline-wrapper\">\n                <h4>DIN A5 Templates<\/h4>\n            <\/div>\n            <div class=\"download-content-wrapper\">\n                <div class=\"download-content\">\n\n                    \n                    \n                    <div class=\"download-row opt-left \">\n                        <span>\n                            <div class=\"image-wrapper\">\n                                <img decoding=\"async\" class=\"lozad\" src=\"https:\/\/schneiderpen.com\/brand\/wp-content\/uploads\/schneider-areaflag-downloads-5.jpg\" data-src=\"https:\/\/schneiderpen.com\/brand\/wp-content\/uploads\/schneider-areaflag-downloads-5.jpg\" alt=\"DIN A5 Write\">                            <\/div>\n                            <div class=\"item-desc\">DIN A5 Write<\/div>\n                        <\/span>\n                                                                                                                                                <span><a href=\"https:\/\/schneiderpen.com\/brand\/wp-content\/uploads\/sch_cover_template_write_dina5.zip\" target=\"_blank\">.indd<\/a><\/span>                                                                            <span><\/span>\n                                                                    <\/div>\n                    \n                    \n                    <div class=\"download-row opt-left \">\n                        <span>\n                            <div class=\"image-wrapper\">\n                                <img decoding=\"async\" class=\"lozad\" src=\"https:\/\/schneiderpen.com\/brand\/wp-content\/uploads\/schneider-areaflag-downloads-6.jpg\" data-src=\"https:\/\/schneiderpen.com\/brand\/wp-content\/uploads\/schneider-areaflag-downloads-6.jpg\" alt=\"DIN A5 Create\">                            <\/div>\n                            <div class=\"item-desc\">DIN A5 Create<\/div>\n                        <\/span>\n                                                                                                                                                <span><a href=\"https:\/\/schneiderpen.com\/brand\/wp-content\/uploads\/sch_cover_template_create_dina5.zip\" target=\"_blank\">.indd<\/a><\/span>                                                                            <span><\/span>\n                                                                    <\/div>\n                    \n                    \n                    <div class=\"download-row opt-left \">\n                        <span>\n                            <div class=\"image-wrapper\">\n                                <img decoding=\"async\" class=\"lozad\" src=\"https:\/\/schneiderpen.com\/brand\/wp-content\/uploads\/schneider-areaflag-downloads-7.jpg\" data-src=\"https:\/\/schneiderpen.com\/brand\/wp-content\/uploads\/schneider-areaflag-downloads-7.jpg\" alt=\"DIN A5 Promote\">                            <\/div>\n                            <div class=\"item-desc\">DIN A5 Promote<\/div>\n                        <\/span>\n                                                                                                                                                <span><a href=\"https:\/\/schneiderpen.com\/brand\/wp-content\/uploads\/sch_cover_template_promote_dina5.zip\" target=\"_blank\">.indd<\/a><\/span>                                                                            <span><\/span>\n                                                                    <\/div>\n                    \n                    \n                    <div class=\"download-row opt-left \">\n                        <span>\n                            <div class=\"image-wrapper\">\n                                <img decoding=\"async\" class=\"lozad\" src=\"https:\/\/schneiderpen.com\/brand\/wp-content\/uploads\/schneider-areaflag-downloads-8.jpg\" data-src=\"https:\/\/schneiderpen.com\/brand\/wp-content\/uploads\/schneider-areaflag-downloads-8.jpg\" alt=\"DIN A5 Write und Create\">                            <\/div>\n                            <div class=\"item-desc\">DIN A5 Write und Create<\/div>\n                        <\/span>\n                                                                                                                                                <span><a href=\"https:\/\/schneiderpen.com\/brand\/wp-content\/uploads\/sch_cover_template_write_create_dina5.zip\" target=\"_blank\">.indd<\/a><\/span>                                                                            <span><\/span>\n                                                                    <\/div>\n                    \n                <\/div>\n            <\/div>\n\n        <\/div>\n    <\/div>\n<\/section>\n\n\n\n\n<section class=\"opt-fullwidth  lazyblock-teaser-cards-small-1GWIR wp-block-lazyblock-teaser-cards-small\">\n    <div class=\"inner-wrapper\">\n\n                <div class=\"headline-wrapper\">\n            <h2>Deine n\u00e4chsten Schritte<\/h2>\n        <\/div>\n                \n        <div class=\"teaser-cards-small-wrapper\">\n            <div class=\"teaser-cards-small\">\n\n                \n                \n                <a href=\"https:\/\/schneiderpen.com\/brand\/basics\/farben\/\">\n                    <div class=\"caption-wrapper\">\n                        <h3>Farben<\/h3>\n                    <\/div>\n                <\/a>\n\n                \n                \n                <a href=\"https:\/\/schneiderpen.com\/brand\/basics\/typografie\/\">\n                    <div class=\"caption-wrapper\">\n                        <h3>Typografie<\/h3>\n                    <\/div>\n                <\/a>\n\n                \n                \n                <a href=\"https:\/\/schneiderpen.com\/brand\/basics\/grafikelemente\/\">\n                    <div class=\"caption-wrapper\">\n                        <h3>Grafikelemente<\/h3>\n                    <\/div>\n                <\/a>\n\n                \n\n            <\/div>\n        <\/div>\n    <\/div>\n<\/section>\n","protected":false},"excerpt":{"rendered":"","protected":false},"author":1,"featured_media":0,"parent":9,"menu_order":4,"comment_status":"closed","ping_status":"closed","template":"","meta":{"_acf_changed":false,"_seopress_robots_primary_cat":"","_seopress_titles_title":"","_seopress_titles_desc":"","_seopress_robots_index":"","footnotes":""},"class_list":["post-5359","page","type-page","status-publish","hentry"],"acf":[],"lang":"de","translations":{"de":5359,"en":7327},"pll_sync_post":[],"_links":{"self":[{"href":"https:\/\/schneiderpen.com\/brand\/wp-json\/wp\/v2\/pages\/5359","targetHints":{"allow":["GET"]}}],"collection":[{"href":"https:\/\/schneiderpen.com\/brand\/wp-json\/wp\/v2\/pages"}],"about":[{"href":"https:\/\/schneiderpen.com\/brand\/wp-json\/wp\/v2\/types\/page"}],"author":[{"embeddable":true,"href":"https:\/\/schneiderpen.com\/brand\/wp-json\/wp\/v2\/users\/1"}],"replies":[{"embeddable":true,"href":"https:\/\/schneiderpen.com\/brand\/wp-json\/wp\/v2\/comments?post=5359"}],"version-history":[{"count":78,"href":"https:\/\/schneiderpen.com\/brand\/wp-json\/wp\/v2\/pages\/5359\/revisions"}],"predecessor-version":[{"id":10541,"href":"https:\/\/schneiderpen.com\/brand\/wp-json\/wp\/v2\/pages\/5359\/revisions\/10541"}],"up":[{"embeddable":true,"href":"https:\/\/schneiderpen.com\/brand\/wp-json\/wp\/v2\/pages\/9"}],"wp:attachment":[{"href":"https:\/\/schneiderpen.com\/brand\/wp-json\/wp\/v2\/media?parent=5359"}],"curies":[{"name":"wp","href":"https:\/\/api.w.org\/{rel}","templated":true}]}}